{"id":311,"date":"2018-02-23T20:56:32","date_gmt":"2018-02-23T19:56:32","guid":{"rendered":"http:\/\/www.singingbirds.de\/?page_id=311"},"modified":"2020-02-04T11:00:57","modified_gmt":"2020-02-04T10:00:57","slug":"kontakt-anmeldung","status":"publish","type":"page","link":"https:\/\/www.singingbirds.de\/index.php\/kontakt-anmeldung\/","title":{"rendered":"Kontakt + Anmeldung"},"content":{"rendered":"<p>[et_pb_section bb_built=&#8220;1&#8243; fullwidth=&#8220;on&#8220; specialty=&#8220;off&#8220; transparent_background=&#8220;on&#8220; allow_player_pause=&#8220;off&#8220; inner_shadow=&#8220;off&#8220; parallax=&#8220;off&#8220; parallax_method=&#8220;off&#8220; padding_mobile=&#8220;off&#8220; make_fullwidth=&#8220;off&#8220; use_custom_width=&#8220;off&#8220; width_unit=&#8220;on&#8220; make_equal=&#8220;off&#8220; use_custom_gutter=&#8220;off&#8220; background_color=&#8220;rgba(255,255,255,0)&#8220; custom_padding_tablet=&#8220;50px|0|50px|0&#8243; custom_padding_last_edited=&#8220;on|desktop&#8220; next_background_color=&#8220;#ffffff&#8220; global_module=&#8220;82&#8243;][et_pb_fullwidth_image global_parent=&#8220;82&#8243; src=&#8220;http:\/\/www.singingbirds.de\/wp-content\/uploads\/2018\/02\/header.png&#8220; show_in_lightbox=&#8220;off&#8220; url_new_window=&#8220;off&#8220; animation=&#8220;off&#8220; use_border_color=&#8220;off&#8220; border_color=&#8220;#ffffff&#8220; border_style=&#8220;solid&#8220; background_position=&#8220;top_left&#8220; background_repeat=&#8220;repeat&#8220; background_size=&#8220;initial&#8220; animation_style=&#8220;none&#8220; animation_duration=&#8220;1000ms&#8220; animation_intensity_slide=&#8220;50%&#8220; custom_padding=&#8220;|||&#8220; custom_padding_tablet=&#8220;|||&#8220; custom_padding_phone=&#8220;|||&#8220; show_inner_shadow=&#8220;on&#8220; show_content_on_mobile=&#8220;on&#8220; show_cta_on_mobile=&#8220;on&#8220;]<\/p>\n<p>\u00a0<\/p>\n<p>[\/et_pb_fullwidth_image][\/et_pb_section][et_pb_section bb_built=&#8220;1&#8243; fullwidth=&#8220;off&#8220; specialty=&#8220;off&#8220; prev_background_color=&#8220;rgba(255,255,255,0)&#8220;][et_pb_row][et_pb_column type=&#8220;4_4&#8243;][et_pb_text _builder_version=&#8220;3.18.7&#8243;]<\/p>\n<h2>Anmeldung zu einer Probe<\/h2>\n<p>Du kannst Dir gerne ( nur nach Voranmeldung) mal eine Probe anschauen kommen, um herauszufinden, <br \/>ob der Chor f\u00fcr Dich passen k\u00f6nnte.<\/p>\n<p>Wenn Du Interesse hast, schreibe bitte eine Mail an <a href=\"mailto:post@andreakaiser.com\">post@andreakaiser.com<\/a> mit folgenden Infos:<br \/><strong>Name:<br \/><\/strong> <strong>Mobilnummer:<\/strong><br \/><strong>Alter:<\/strong><br \/><strong>S\u00e4ngerische Erfahrung:<\/strong> (z.B. Chor, Band, unter der Dusche &#8230;)<br \/><strong>Level meines Singens: <\/strong>(z.B. sicher, Solist, gute Chors\u00e4ngerin, unsicher, aber motiviert &#8230;.)<br \/><strong>Stimmlage:<\/strong> (z.B. hoch, mittel, tief, egal)<br \/><strong>Lieblingsmusik \/ Lieblingss\u00e4ngerIn:<br \/>Wie bist du auf das Projekt aufmerksam geworden?:<\/strong><\/p>\n<p>Wenn Du gerne mitsingen m\u00f6chtest w\u00e4re es super, Du schickst <strong>eine Aufnahme von Dir<\/strong> an unsere Chorleiterin.<br \/>Einfach ein Handymitschnitt von Dir, in dem Du einen PopSong Deiner Wahl zu einer Karaokeversion singst.<br \/>Dein Name sollte nat\u00fcrlich auch hier nicht fehlen.<strong><br \/><\/strong><\/p>\n<p>Ihre Mobilnummer lautet: 0175 9575660<\/p>\n<p>[\/et_pb_text][\/et_pb_column][\/et_pb_row][\/et_pb_section]<\/p>\n","protected":false},"excerpt":{"rendered":"<p>[et_pb_section bb_built=&#8220;1&#8243; fullwidth=&#8220;on&#8220; specialty=&#8220;off&#8220; transparent_background=&#8220;on&#8220; allow_player_pause=&#8220;off&#8220; inner_shadow=&#8220;off&#8220; parallax=&#8220;off&#8220; parallax_method=&#8220;off&#8220; padding_mobile=&#8220;off&#8220; make_fullwidth=&#8220;off&#8220; use_custom_width=&#8220;off&#8220; width_unit=&#8220;on&#8220; make_equal=&#8220;off&#8220; use_custom_gutter=&#8220;off&#8220; background_color=&#8220;rgba(255,255,255,0)&#8220; custom_padding_tablet=&#8220;50px|0|50px|0&#8243; custom_padding_last_edited=&#8220;on|desktop&#8220; next_background_color=&#8220;#ffffff&#8220; global_module=&#8220;82&#8243;][et_pb_fullwidth_image global_parent=&#8220;82&#8243; src=&#8220;http:\/\/www.singingbirds.de\/wp-content\/uploads\/2018\/02\/header.png&#8220; show_in_lightbox=&#8220;off&#8220; url_new_window=&#8220;off&#8220; animation=&#8220;off&#8220; use_border_color=&#8220;off&#8220; border_color=&#8220;#ffffff&#8220; border_style=&#8220;solid&#8220; background_position=&#8220;top_left&#8220; background_repeat=&#8220;repeat&#8220; background_size=&#8220;initial&#8220; animation_style=&#8220;none&#8220; animation_duration=&#8220;1000ms&#8220; animation_intensity_slide=&#8220;50%&#8220; custom_padding=&#8220;|||&#8220; custom_padding_tablet=&#8220;|||&#8220; custom_padding_phone=&#8220;|||&#8220; show_inner_shadow=&#8220;on&#8220; show_content_on_mobile=&#8220;on&#8220; show_cta_on_mobile=&#8220;on&#8220;] \u00a0 [\/et_pb_fullwidth_image][\/et_pb_section][et_pb_section bb_built=&#8220;1&#8243; fullwidth=&#8220;off&#8220; specialty=&#8220;off&#8220; prev_background_color=&#8220;rgba(255,255,255,0)&#8220;][et_pb_row][et_pb_column type=&#8220;4_4&#8243;][et_pb_text _builder_version=&#8220;3.18.7&#8243;] Anmeldung zu einer Probe Du kannst Dir [&hellip;]<\/p>\n","protected":false},"author":1,"featured_media":0,"parent":0,"menu_order":0,"comment_status":"closed","ping_status":"closed","template":"","meta":{"_et_pb_use_builder":"on","_et_pb_old_content":"","_et_gb_content_width":""},"yoast_head":"<!-- This site is optimized with the Yoast SEO plugin v20.5 - https:\/\/yoast.com\/wordpress\/plugins\/seo\/ -->\n<title>Frauenchor mit moderner, aktueller Musik in M\u00f6nchengladbach<\/title>\n<meta name=\"description\" content=\"Zur Zeit nehmen wir noch neue S\u00e4ngerinnen in allen Stimmen auf. Wenn Du einfach einmal bei einer Probe vorbeischauen m\u00f6chtest, melde Dich gerne bei uns an. Hier findest Du die Angaben, die in Deiner Email nicht fehlen sollten.\" \/>\n<meta name=\"robots\" content=\"index, follow, max-snippet:-1, max-image-preview:large, max-video-preview:-1\" \/>\n<link rel=\"canonical\" href=\"https:\/\/www.singingbirds.de\/index.php\/kontakt-anmeldung\/\" \/>\n<meta property=\"og:locale\" content=\"de_DE\" \/>\n<meta property=\"og:type\" content=\"article\" \/>\n<meta property=\"og:title\" content=\"Frauenchor mit moderner, aktueller Musik in M\u00f6nchengladbach\" \/>\n<meta property=\"og:description\" content=\"Zur Zeit nehmen wir noch neue S\u00e4ngerinnen in allen Stimmen auf. Wenn Du einfach einmal bei einer Probe vorbeischauen m\u00f6chtest, melde Dich gerne bei uns an. Hier findest Du die Angaben, die in Deiner Email nicht fehlen sollten.\" \/>\n<meta property=\"og:url\" content=\"https:\/\/www.singingbirds.de\/index.php\/kontakt-anmeldung\/\" \/>\n<meta property=\"og:site_name\" content=\"Die &quot;Singing Birds&quot;\" \/>\n<meta property=\"article:modified_time\" content=\"2020-02-04T10:00:57+00:00\" \/>\n<meta name=\"twitter:card\" content=\"summary_large_image\" \/>\n<meta name=\"twitter:label1\" content=\"Gesch\u00e4tzte Lesezeit\" \/>\n\t<meta name=\"twitter:data1\" content=\"2\u00a0Minuten\" \/>\n<script type=\"application\/ld+json\" class=\"yoast-schema-graph\">{\"@context\":\"https:\/\/schema.org\",\"@graph\":[{\"@type\":\"WebPage\",\"@id\":\"https:\/\/www.singingbirds.de\/index.php\/kontakt-anmeldung\/\",\"url\":\"https:\/\/www.singingbirds.de\/index.php\/kontakt-anmeldung\/\",\"name\":\"Frauenchor mit moderner, aktueller Musik in M\u00f6nchengladbach\",\"isPartOf\":{\"@id\":\"https:\/\/www.singingbirds.de\/#website\"},\"datePublished\":\"2018-02-23T19:56:32+00:00\",\"dateModified\":\"2020-02-04T10:00:57+00:00\",\"description\":\"Zur Zeit nehmen wir noch neue S\u00e4ngerinnen in allen Stimmen auf. Wenn Du einfach einmal bei einer Probe vorbeischauen m\u00f6chtest, melde Dich gerne bei uns an. Hier findest Du die Angaben, die in Deiner Email nicht fehlen sollten.\",\"breadcrumb\":{\"@id\":\"https:\/\/www.singingbirds.de\/index.php\/kontakt-anmeldung\/#breadcrumb\"},\"inLanguage\":\"de\",\"potentialAction\":[{\"@type\":\"ReadAction\",\"target\":[\"https:\/\/www.singingbirds.de\/index.php\/kontakt-anmeldung\/\"]}]},{\"@type\":\"BreadcrumbList\",\"@id\":\"https:\/\/www.singingbirds.de\/index.php\/kontakt-anmeldung\/#breadcrumb\",\"itemListElement\":[{\"@type\":\"ListItem\",\"position\":1,\"name\":\"Startseite\",\"item\":\"https:\/\/www.singingbirds.de\/\"},{\"@type\":\"ListItem\",\"position\":2,\"name\":\"Kontakt + Anmeldung\"}]},{\"@type\":\"WebSite\",\"@id\":\"https:\/\/www.singingbirds.de\/#website\",\"url\":\"https:\/\/www.singingbirds.de\/\",\"name\":\"Die &quot;Singing Birds&quot;\",\"description\":\"ein neuer Popchor in M\u00f6nchengladbach\",\"potentialAction\":[{\"@type\":\"SearchAction\",\"target\":{\"@type\":\"EntryPoint\",\"urlTemplate\":\"https:\/\/www.singingbirds.de\/?s={search_term_string}\"},\"query-input\":\"required name=search_term_string\"}],\"inLanguage\":\"de\"}]}<\/script>\n<!-- \/ Yoast SEO plugin. -->","yoast_head_json":{"title":"Frauenchor mit moderner, aktueller Musik in M\u00f6nchengladbach","description":"Zur Zeit nehmen wir noch neue S\u00e4ngerinnen in allen Stimmen auf. Wenn Du einfach einmal bei einer Probe vorbeischauen m\u00f6chtest, melde Dich gerne bei uns an. Hier findest Du die Angaben, die in Deiner Email nicht fehlen sollten.","robots":{"index":"index","follow":"follow","max-snippet":"max-snippet:-1","max-image-preview":"max-image-preview:large","max-video-preview":"max-video-preview:-1"},"canonical":"https:\/\/www.singingbirds.de\/index.php\/kontakt-anmeldung\/","og_locale":"de_DE","og_type":"article","og_title":"Frauenchor mit moderner, aktueller Musik in M\u00f6nchengladbach","og_description":"Zur Zeit nehmen wir noch neue S\u00e4ngerinnen in allen Stimmen auf. Wenn Du einfach einmal bei einer Probe vorbeischauen m\u00f6chtest, melde Dich gerne bei uns an. Hier findest Du die Angaben, die in Deiner Email nicht fehlen sollten.","og_url":"https:\/\/www.singingbirds.de\/index.php\/kontakt-anmeldung\/","og_site_name":"Die &quot;Singing Birds&quot;","article_modified_time":"2020-02-04T10:00:57+00:00","twitter_card":"summary_large_image","twitter_misc":{"Gesch\u00e4tzte Lesezeit":"2\u00a0Minuten"},"schema":{"@context":"https:\/\/schema.org","@graph":[{"@type":"WebPage","@id":"https:\/\/www.singingbirds.de\/index.php\/kontakt-anmeldung\/","url":"https:\/\/www.singingbirds.de\/index.php\/kontakt-anmeldung\/","name":"Frauenchor mit moderner, aktueller Musik in M\u00f6nchengladbach","isPartOf":{"@id":"https:\/\/www.singingbirds.de\/#website"},"datePublished":"2018-02-23T19:56:32+00:00","dateModified":"2020-02-04T10:00:57+00:00","description":"Zur Zeit nehmen wir noch neue S\u00e4ngerinnen in allen Stimmen auf. Wenn Du einfach einmal bei einer Probe vorbeischauen m\u00f6chtest, melde Dich gerne bei uns an. Hier findest Du die Angaben, die in Deiner Email nicht fehlen sollten.","breadcrumb":{"@id":"https:\/\/www.singingbirds.de\/index.php\/kontakt-anmeldung\/#breadcrumb"},"inLanguage":"de","potentialAction":[{"@type":"ReadAction","target":["https:\/\/www.singingbirds.de\/index.php\/kontakt-anmeldung\/"]}]},{"@type":"BreadcrumbList","@id":"https:\/\/www.singingbirds.de\/index.php\/kontakt-anmeldung\/#breadcrumb","itemListElement":[{"@type":"ListItem","position":1,"name":"Startseite","item":"https:\/\/www.singingbirds.de\/"},{"@type":"ListItem","position":2,"name":"Kontakt + Anmeldung"}]},{"@type":"WebSite","@id":"https:\/\/www.singingbirds.de\/#website","url":"https:\/\/www.singingbirds.de\/","name":"Die &quot;Singing Birds&quot;","description":"ein neuer Popchor in M\u00f6nchengladbach","potentialAction":[{"@type":"SearchAction","target":{"@type":"EntryPoint","urlTemplate":"https:\/\/www.singingbirds.de\/?s={search_term_string}"},"query-input":"required name=search_term_string"}],"inLanguage":"de"}]}},"_links":{"self":[{"href":"https:\/\/www.singingbirds.de\/index.php\/wp-json\/wp\/v2\/pages\/311"}],"collection":[{"href":"https:\/\/www.singingbirds.de\/index.php\/wp-json\/wp\/v2\/pages"}],"about":[{"href":"https:\/\/www.singingbirds.de\/index.php\/wp-json\/wp\/v2\/types\/page"}],"author":[{"embeddable":true,"href":"https:\/\/www.singingbirds.de\/index.php\/wp-json\/wp\/v2\/users\/1"}],"replies":[{"embeddable":true,"href":"https:\/\/www.singingbirds.de\/index.php\/wp-json\/wp\/v2\/comments?post=311"}],"version-history":[{"count":12,"href":"https:\/\/www.singingbirds.de\/index.php\/wp-json\/wp\/v2\/pages\/311\/revisions"}],"predecessor-version":[{"id":597,"href":"https:\/\/www.singingbirds.de\/index.php\/wp-json\/wp\/v2\/pages\/311\/revisions\/597"}],"wp:attachment":[{"href":"https:\/\/www.singingbirds.de\/index.php\/wp-json\/wp\/v2\/media?parent=311"}],"curies":[{"name":"wp","href":"https:\/\/api.w.org\/{rel}","templated":true}]}}