{"id":249,"date":"2018-02-22T22:09:12","date_gmt":"2018-02-22T21:09:12","guid":{"rendered":"http:\/\/www.singingbirds.de\/?page_id=249"},"modified":"2025-06-26T16:32:39","modified_gmt":"2025-06-26T14:32:39","slug":"mitsingen","status":"publish","type":"page","link":"https:\/\/www.singingbirds.de\/index.php\/mitsingen\/","title":{"rendered":"Mitsingen\/F\u00e4higkeiten"},"content":{"rendered":"<p>[et_pb_section fb_built=&#8220;1&#8243; _builder_version=&#8220;3.22&#8243;][et_pb_row _builder_version=&#8220;3.25&#8243;][et_pb_column type=&#8220;4_4&#8243; _builder_version=&#8220;3.25&#8243; custom_padding=&#8220;|||&#8220; custom_padding__hover=&#8220;|||&#8220;][et_pb_text _builder_version=&#8220;4.5.3&#8243; header_font_size=&#8220;29px&#8220; header_2_font_size=&#8220;50px&#8220; hover_enabled=&#8220;0&#8243; header_font_size_tablet=&#8220;&#8220; header_font_size_phone=&#8220;16px&#8220; header_font_size_last_edited=&#8220;on|desktop&#8220; header_2_font_size_tablet=&#8220;&#8220; header_2_font_size_phone=&#8220;22px&#8220; header_2_font_size_last_edited=&#8220;on|desktop&#8220;]<\/p>\n<h1>Mitsingen\/F\u00e4higkeiten:<\/h1>\n<p>Wie sch\u00f6n, dass Du Dich f\u00fcr\u00b4s Mitsingen interessierst.<br \/>Es freut uns nat\u00fcrlich sehr, dass es so ein gro\u00dfes Interesse gibt \ud83d\ude42<br \/>Sende gerne Deine Anfrage per Email an unsere Chorleitung.<\/p>\n<p>Wichtige w\u00e4ren folgende Infos:<br \/>Dein Alter<br \/>Hast Du Notenkenntnisse?<br \/>Hast Du Chorerfahrung? Falls Ja: welcher Chor und welche Stimme?<br \/>Bist Du ausschlie\u00dflich Chors\u00e4ngerin oder auch Solist?<\/p>\n<p>Sende auch\u00a0 gerne eine Aufnahme Deiner Stimme !<br \/>Es reicht hier\u00a0 einfach einen Handymitschnitt von einem Song, den Du gerne singst, acapella oder zu einer Karaokeversion per Whats App oder Signal an unsere Chorleiterin Andrea 0175-9575660.<\/p>\n<p>Da der Chor nicht unendlich gro\u00df werden kann, gibt es evlt eine Warteliste f\u00fcr manche Stimmen.<br \/>Frage gerne nach, um zu erfahren, wie der Stand der Dinge ist.<\/p>\n<p>Damit der Chor vom Alter gemischt bleibt, suchen wir aktuell vor allem S\u00e4ngerinnen j\u00fcnger als 45 Jahre.<br \/>Ausnahmen machen wir gerne f\u00fcr S\u00e4ngerinnen, die gut <strong>tief und sehr tief<\/strong> singen k\u00f6nnen und viel Gesangs und Chorerfahrung mitbringen..<\/p>\n<p>&nbsp;<\/p>\n<p>&nbsp;<\/p>\n<p>&nbsp;<\/p>\n<p>[\/et_pb_text][\/et_pb_column][\/et_pb_row][\/et_pb_section]<\/p>\n","protected":false},"excerpt":{"rendered":"<p>[et_pb_section fb_built=&#8220;1&#8243; _builder_version=&#8220;3.22&#8243;][et_pb_row _builder_version=&#8220;3.25&#8243;][et_pb_column type=&#8220;4_4&#8243; _builder_version=&#8220;3.25&#8243; custom_padding=&#8220;|||&#8220; custom_padding__hover=&#8220;|||&#8220;][et_pb_text _builder_version=&#8220;4.5.3&#8243; header_font_size=&#8220;29px&#8220; header_2_font_size=&#8220;50px&#8220; hover_enabled=&#8220;0&#8243; header_font_size_tablet=&#8220;&#8220; header_font_size_phone=&#8220;16px&#8220; header_font_size_last_edited=&#8220;on|desktop&#8220; header_2_font_size_tablet=&#8220;&#8220; header_2_font_size_phone=&#8220;22px&#8220; header_2_font_size_last_edited=&#8220;on|desktop&#8220;] Mitsingen\/F\u00e4higkeiten: Wie sch\u00f6n, dass Du Dich f\u00fcr\u00b4s Mitsingen interessierst.Es freut uns nat\u00fcrlich sehr, dass es so ein gro\u00dfes Interesse gibt \ud83d\ude42Sende gerne Deine Anfrage per Email an unsere Chorleitung. Wichtige w\u00e4ren folgende Infos:Dein AlterHast Du Notenkenntnisse?Hast Du [&hellip;]<\/p>\n","protected":false},"author":1,"featured_media":0,"parent":0,"menu_order":0,"comment_status":"closed","ping_status":"closed","template":"","meta":{"_et_pb_use_builder":"on","_et_pb_old_content":"","_et_gb_content_width":""},"yoast_head":"<!-- This site is optimized with the Yoast SEO plugin v20.5 - https:\/\/yoast.com\/wordpress\/plugins\/seo\/ -->\n<title>Der Popchor in M\u00f6nchengladbach<\/title>\n<meta name=\"robots\" content=\"index, follow, max-snippet:-1, max-image-preview:large, max-video-preview:-1\" \/>\n<link rel=\"canonical\" href=\"https:\/\/www.singingbirds.de\/index.php\/mitsingen\/\" \/>\n<meta property=\"og:locale\" content=\"de_DE\" \/>\n<meta property=\"og:type\" content=\"article\" \/>\n<meta property=\"og:title\" content=\"Der Popchor in M\u00f6nchengladbach\" \/>\n<meta property=\"og:description\" content=\"[et_pb_section fb_built=&#8220;1&#8243; _builder_version=&#8220;3.22&#8243;][et_pb_row _builder_version=&#8220;3.25&#8243;][et_pb_column type=&#8220;4_4&#8243; _builder_version=&#8220;3.25&#8243; custom_padding=&#8220;|||&#8220; custom_padding__hover=&#8220;|||&#8220;][et_pb_text _builder_version=&#8220;4.5.3&#8243; header_font_size=&#8220;29px&#8220; header_2_font_size=&#8220;50px&#8220; hover_enabled=&#8220;0&#8243; header_font_size_tablet=&#8220;&#8220; header_font_size_phone=&#8220;16px&#8220; header_font_size_last_edited=&#8220;on|desktop&#8220; header_2_font_size_tablet=&#8220;&#8220; header_2_font_size_phone=&#8220;22px&#8220; header_2_font_size_last_edited=&#8220;on|desktop&#8220;] Mitsingen\/F\u00e4higkeiten: Wie sch\u00f6n, dass Du Dich f\u00fcr\u00b4s Mitsingen interessierst.Es freut uns nat\u00fcrlich sehr, dass es so ein gro\u00dfes Interesse gibt \ud83d\ude42Sende gerne Deine Anfrage per Email an unsere Chorleitung. Wichtige w\u00e4ren folgende Infos:Dein AlterHast Du Notenkenntnisse?Hast Du [&hellip;]\" \/>\n<meta property=\"og:url\" content=\"https:\/\/www.singingbirds.de\/index.php\/mitsingen\/\" \/>\n<meta property=\"og:site_name\" content=\"Die &quot;Singing Birds&quot;\" \/>\n<meta property=\"article:modified_time\" content=\"2025-06-26T14:32:39+00:00\" \/>\n<meta name=\"twitter:card\" content=\"summary_large_image\" \/>\n<meta name=\"twitter:label1\" content=\"Gesch\u00e4tzte Lesezeit\" \/>\n\t<meta name=\"twitter:data1\" content=\"1\u00a0Minute\" \/>\n<script type=\"application\/ld+json\" class=\"yoast-schema-graph\">{\"@context\":\"https:\/\/schema.org\",\"@graph\":[{\"@type\":\"WebPage\",\"@id\":\"https:\/\/www.singingbirds.de\/index.php\/mitsingen\/\",\"url\":\"https:\/\/www.singingbirds.de\/index.php\/mitsingen\/\",\"name\":\"Der Popchor in M\u00f6nchengladbach\",\"isPartOf\":{\"@id\":\"https:\/\/www.singingbirds.de\/#website\"},\"datePublished\":\"2018-02-22T21:09:12+00:00\",\"dateModified\":\"2025-06-26T14:32:39+00:00\",\"breadcrumb\":{\"@id\":\"https:\/\/www.singingbirds.de\/index.php\/mitsingen\/#breadcrumb\"},\"inLanguage\":\"de\",\"potentialAction\":[{\"@type\":\"ReadAction\",\"target\":[\"https:\/\/www.singingbirds.de\/index.php\/mitsingen\/\"]}]},{\"@type\":\"BreadcrumbList\",\"@id\":\"https:\/\/www.singingbirds.de\/index.php\/mitsingen\/#breadcrumb\",\"itemListElement\":[{\"@type\":\"ListItem\",\"position\":1,\"name\":\"Startseite\",\"item\":\"https:\/\/www.singingbirds.de\/\"},{\"@type\":\"ListItem\",\"position\":2,\"name\":\"Mitsingen\/F\u00e4higkeiten\"}]},{\"@type\":\"WebSite\",\"@id\":\"https:\/\/www.singingbirds.de\/#website\",\"url\":\"https:\/\/www.singingbirds.de\/\",\"name\":\"Die &quot;Singing Birds&quot;\",\"description\":\"ein neuer Popchor in M\u00f6nchengladbach\",\"potentialAction\":[{\"@type\":\"SearchAction\",\"target\":{\"@type\":\"EntryPoint\",\"urlTemplate\":\"https:\/\/www.singingbirds.de\/?s={search_term_string}\"},\"query-input\":\"required name=search_term_string\"}],\"inLanguage\":\"de\"}]}<\/script>\n<!-- \/ Yoast SEO plugin. -->","yoast_head_json":{"title":"Der Popchor in M\u00f6nchengladbach","robots":{"index":"index","follow":"follow","max-snippet":"max-snippet:-1","max-image-preview":"max-image-preview:large","max-video-preview":"max-video-preview:-1"},"canonical":"https:\/\/www.singingbirds.de\/index.php\/mitsingen\/","og_locale":"de_DE","og_type":"article","og_title":"Der Popchor in M\u00f6nchengladbach","og_description":"[et_pb_section fb_built=&#8220;1&#8243; _builder_version=&#8220;3.22&#8243;][et_pb_row _builder_version=&#8220;3.25&#8243;][et_pb_column type=&#8220;4_4&#8243; _builder_version=&#8220;3.25&#8243; custom_padding=&#8220;|||&#8220; custom_padding__hover=&#8220;|||&#8220;][et_pb_text _builder_version=&#8220;4.5.3&#8243; header_font_size=&#8220;29px&#8220; header_2_font_size=&#8220;50px&#8220; hover_enabled=&#8220;0&#8243; header_font_size_tablet=&#8220;&#8220; header_font_size_phone=&#8220;16px&#8220; header_font_size_last_edited=&#8220;on|desktop&#8220; header_2_font_size_tablet=&#8220;&#8220; header_2_font_size_phone=&#8220;22px&#8220; header_2_font_size_last_edited=&#8220;on|desktop&#8220;] Mitsingen\/F\u00e4higkeiten: Wie sch\u00f6n, dass Du Dich f\u00fcr\u00b4s Mitsingen interessierst.Es freut uns nat\u00fcrlich sehr, dass es so ein gro\u00dfes Interesse gibt \ud83d\ude42Sende gerne Deine Anfrage per Email an unsere Chorleitung. Wichtige w\u00e4ren folgende Infos:Dein AlterHast Du Notenkenntnisse?Hast Du [&hellip;]","og_url":"https:\/\/www.singingbirds.de\/index.php\/mitsingen\/","og_site_name":"Die &quot;Singing Birds&quot;","article_modified_time":"2025-06-26T14:32:39+00:00","twitter_card":"summary_large_image","twitter_misc":{"Gesch\u00e4tzte Lesezeit":"1\u00a0Minute"},"schema":{"@context":"https:\/\/schema.org","@graph":[{"@type":"WebPage","@id":"https:\/\/www.singingbirds.de\/index.php\/mitsingen\/","url":"https:\/\/www.singingbirds.de\/index.php\/mitsingen\/","name":"Der Popchor in M\u00f6nchengladbach","isPartOf":{"@id":"https:\/\/www.singingbirds.de\/#website"},"datePublished":"2018-02-22T21:09:12+00:00","dateModified":"2025-06-26T14:32:39+00:00","breadcrumb":{"@id":"https:\/\/www.singingbirds.de\/index.php\/mitsingen\/#breadcrumb"},"inLanguage":"de","potentialAction":[{"@type":"ReadAction","target":["https:\/\/www.singingbirds.de\/index.php\/mitsingen\/"]}]},{"@type":"BreadcrumbList","@id":"https:\/\/www.singingbirds.de\/index.php\/mitsingen\/#breadcrumb","itemListElement":[{"@type":"ListItem","position":1,"name":"Startseite","item":"https:\/\/www.singingbirds.de\/"},{"@type":"ListItem","position":2,"name":"Mitsingen\/F\u00e4higkeiten"}]},{"@type":"WebSite","@id":"https:\/\/www.singingbirds.de\/#website","url":"https:\/\/www.singingbirds.de\/","name":"Die &quot;Singing Birds&quot;","description":"ein neuer Popchor in M\u00f6nchengladbach","potentialAction":[{"@type":"SearchAction","target":{"@type":"EntryPoint","urlTemplate":"https:\/\/www.singingbirds.de\/?s={search_term_string}"},"query-input":"required name=search_term_string"}],"inLanguage":"de"}]}},"_links":{"self":[{"href":"https:\/\/www.singingbirds.de\/index.php\/wp-json\/wp\/v2\/pages\/249"}],"collection":[{"href":"https:\/\/www.singingbirds.de\/index.php\/wp-json\/wp\/v2\/pages"}],"about":[{"href":"https:\/\/www.singingbirds.de\/index.php\/wp-json\/wp\/v2\/types\/page"}],"author":[{"embeddable":true,"href":"https:\/\/www.singingbirds.de\/index.php\/wp-json\/wp\/v2\/users\/1"}],"replies":[{"embeddable":true,"href":"https:\/\/www.singingbirds.de\/index.php\/wp-json\/wp\/v2\/comments?post=249"}],"version-history":[{"count":33,"href":"https:\/\/www.singingbirds.de\/index.php\/wp-json\/wp\/v2\/pages\/249\/revisions"}],"predecessor-version":[{"id":640,"href":"https:\/\/www.singingbirds.de\/index.php\/wp-json\/wp\/v2\/pages\/249\/revisions\/640"}],"wp:attachment":[{"href":"https:\/\/www.singingbirds.de\/index.php\/wp-json\/wp\/v2\/media?parent=249"}],"curies":[{"name":"wp","href":"https:\/\/api.w.org\/{rel}","templated":true}]}}