{"id":223,"date":"2018-02-22T21:45:38","date_gmt":"2018-02-22T20:45:38","guid":{"rendered":"http:\/\/www.singingbirds.de\/?page_id=223"},"modified":"2025-06-26T16:34:58","modified_gmt":"2025-06-26T14:34:58","slug":"repertoire","status":"publish","type":"page","link":"https:\/\/www.singingbirds.de\/index.php\/repertoire\/","title":{"rendered":"Repertoire"},"content":{"rendered":"<p>[et_pb_section fb_built=&#8220;1&#8243; fullwidth=&#8220;on&#8220; custom_padding_last_edited=&#8220;on|desktop&#8220; _builder_version=&#8220;3.22&#8243; background_color=&#8220;rgba(255,255,255,0)&#8220; custom_padding_tablet=&#8220;50px|0|50px|0&#8243; custom_padding_phone=&#8220;&#8220; transparent_background=&#8220;on&#8220; padding_mobile=&#8220;off&#8220; make_fullwidth=&#8220;off&#8220; use_custom_width=&#8220;off&#8220; width_unit=&#8220;on&#8220; global_module=&#8220;82&#8243;][et_pb_fullwidth_image src=&#8220;https:\/\/www.singingbirds.de\/wp-content\/uploads\/2018\/02\/header.png&#8220; _builder_version=&#8220;3.0.87&#8243; background_size=&#8220;initial&#8220; background_position=&#8220;top_left&#8220; background_repeat=&#8220;repeat&#8220; custom_padding=&#8220;|||&#8220; custom_padding_tablet=&#8220;|||&#8220; custom_padding_phone=&#8220;|||&#8220; animation=&#8220;off&#8220; use_border_color=&#8220;off&#8220; border_color=&#8220;#ffffff&#8220; border_style=&#8220;solid&#8220;]<\/p>\n<p>\u00a0<\/p>\n<p>[\/et_pb_fullwidth_image][\/et_pb_section][et_pb_section fb_built=&#8220;1&#8243; custom_padding_last_edited=&#8220;on|desktop&#8220; admin_label=&#8220;section&#8220; _builder_version=&#8220;3.22&#8243; background_color=&#8220;rgba(255,255,255,0)&#8220; custom_padding=&#8220;0px|||&#8220; custom_padding_tablet=&#8220;50px|0|50px|0&#8243; custom_padding_phone=&#8220;&#8220; transparent_background=&#8220;on&#8220; padding_mobile=&#8220;off&#8220; make_fullwidth=&#8220;off&#8220; use_custom_width=&#8220;off&#8220; width_unit=&#8220;on&#8220;][et_pb_row column_structure=&#8220;1_3,1_3,1_3&#8243; _builder_version=&#8220;3.25&#8243; background_size=&#8220;initial&#8220; background_position=&#8220;top_left&#8220; background_repeat=&#8220;repeat&#8220;][et_pb_column type=&#8220;1_3&#8243; _builder_version=&#8220;3.25&#8243; custom_padding=&#8220;|||&#8220; custom_padding__hover=&#8220;|||&#8220;][et_pb_circle_counter title=&#8220;Gute Musik&#8220; number=&#8220;100&#8243; _builder_version=&#8220;3.0.96&#8243; title_font_size=&#8220;26&#8243; number_font_size=&#8220;46&#8243;][\/et_pb_circle_counter][\/et_pb_column][et_pb_column type=&#8220;1_3&#8243; _builder_version=&#8220;3.25&#8243; custom_padding=&#8220;|||&#8220; custom_padding__hover=&#8220;|||&#8220;][et_pb_circle_counter title=&#8220;nette Leute&#8220; number=&#8220;100&#8243; _builder_version=&#8220;3.0.96&#8243; title_font_size=&#8220;26&#8243; number_font_size=&#8220;46&#8243;][\/et_pb_circle_counter][\/et_pb_column][et_pb_column type=&#8220;1_3&#8243; _builder_version=&#8220;3.25&#8243; custom_padding=&#8220;|||&#8220; custom_padding__hover=&#8220;|||&#8220;][et_pb_circle_counter title=&#8220;Gute Laune&#8220; number=&#8220;100&#8243; _builder_version=&#8220;3.0.96&#8243; title_font_size=&#8220;26&#8243; number_font_size=&#8220;46&#8243;][\/et_pb_circle_counter][\/et_pb_column][\/et_pb_row][et_pb_row column_structure=&#8220;3_4,1_4&#8243; padding_mobile=&#8220;off&#8220; column_padding_mobile=&#8220;on&#8220; _builder_version=&#8220;3.25&#8243; background_color=&#8220;#ffffff&#8220; background_size=&#8220;initial&#8220; background_position=&#8220;top_left&#8220; background_repeat=&#8220;repeat&#8220; custom_padding=&#8220;25px|&#8220; make_fullwidth=&#8220;off&#8220; use_custom_width=&#8220;off&#8220; width_unit=&#8220;on&#8220;][et_pb_column type=&#8220;3_4&#8243; _builder_version=&#8220;3.25&#8243; custom_padding=&#8220;|||&#8220; custom_padding__hover=&#8220;|||&#8220;][et_pb_text _builder_version=&#8220;4.5.3&#8243; text_font=&#8220;Verdana||||||||&#8220; text_font_size=&#8220;16&#8243; text_letter_spacing=&#8220;1px&#8220; text_orientation=&#8220;center&#8220; custom_padding=&#8220;20px|||&#8220; hover_enabled=&#8220;0&#8243; use_border_color=&#8220;off&#8220;]<\/p>\n<h2>Unser Repertoire<\/h2>\n<p>wir singen die Hits der letzten 30 Jahre , halt was so in den Charts ist<br \/>und davon aber nur das Beste \ud83d\ude09<\/p>\n<p>unter anderem:<br \/>Human &#8211; Rag N bone Man<br \/>Queendom &#8211; Aurora<br \/>Waterfalls &#8211; TLC<br \/>Easy on me &#8211; Adele<br \/>You\u00b4re the voice &#8211; John Farnham<br \/>Roar &#8211; Katy Perry<br \/>Dont stop me now &#8211; Queen<br \/>Budapest &#8211; George Ezra<br \/>Smells like &#8222;Teen Spirit&#8220;- Nirvana<br \/>Get lucky &#8211; Daft Punk<\/p>\n<p>und viele, viele mehr<\/p>\n<p>Du m\u00f6chtest wissen, was Du k\u00f6nnen mu\u00dft, um bei uns mitmachen zu d\u00fcrfen \ud83d\ude09<br \/>Dann lese hier weiter. <a href=\"https:\/\/www.singingbirds.de\/index.php\/mitsingen\/\">Mitsingen<\/a><\/p>\n<p>[\/et_pb_text][\/et_pb_column][et_pb_column type=&#8220;1_4&#8243; _builder_version=&#8220;3.25&#8243; custom_padding=&#8220;0|||&#8220; custom_padding__hover=&#8220;|||&#8220;][et_pb_cta button_url=&#8220;https:\/\/www.singingbirds.de\/index.php\/kontakt-anmeldung\/&#8220; button_text=&#8220;zur Anmeldung&#8220; module_class=&#8220;.paddingdiscr0&#8243; _builder_version=&#8220;3.16&#8243; header_font_size=&#8220;20&#8243; header_line_height=&#8220;1.5em&#8220; body_font_size=&#8220;1&#8243; body_letter_spacing=&#8220;1px&#8220; body_line_height=&#8220;1.5em&#8220; use_background_color=&#8220;off&#8220; custom_button=&#8220;on&#8220; button_text_color=&#8220;#e11d5d&#8220; button_border_width=&#8220;1&#8243; button_border_color=&#8220;#e11d5d&#8220; button_border_radius=&#8220;0&#8243; button_font=&#8220;Yanone Kaffeesatz||||&#8220; button_icon=&#8220;%%141%%&#8220; button_icon_color=&#8220;#ffffff&#8220; background_layout=&#8220;light&#8220; use_border_color=&#8220;off&#8220; button_text_color_hover=&#8220;#ffffff&#8220; button_border_color_hover=&#8220;#ffffff&#8220; button_border_radius_hover=&#8220;0&#8243; button_bg_color_hover=&#8220;#e11d5d&#8220; button_text_size__hover_enabled=&#8220;off&#8220; button_text_size__hover=&#8220;null&#8220; button_one_text_size__hover_enabled=&#8220;off&#8220; button_one_text_size__hover=&#8220;null&#8220; button_two_text_size__hover_enabled=&#8220;off&#8220; button_two_text_size__hover=&#8220;null&#8220; button_text_color__hover_enabled=&#8220;on&#8220; button_text_color__hover=&#8220;#ffffff&#8220; button_one_text_color__hover_enabled=&#8220;off&#8220; button_one_text_color__hover=&#8220;null&#8220; button_two_text_color__hover_enabled=&#8220;off&#8220; button_two_text_color__hover=&#8220;null&#8220; button_border_width__hover_enabled=&#8220;off&#8220; button_border_width__hover=&#8220;null&#8220; button_one_border_width__hover_enabled=&#8220;off&#8220; button_one_border_width__hover=&#8220;null&#8220; button_two_border_width__hover_enabled=&#8220;off&#8220; button_two_border_width__hover=&#8220;null&#8220; button_border_color__hover_enabled=&#8220;on&#8220; button_border_color__hover=&#8220;#ffffff&#8220; button_one_border_color__hover_enabled=&#8220;off&#8220; button_one_border_color__hover=&#8220;null&#8220; button_two_border_color__hover_enabled=&#8220;off&#8220; button_two_border_color__hover=&#8220;null&#8220; button_border_radius__hover_enabled=&#8220;on&#8220; button_border_radius__hover=&#8220;0&#8243; button_one_border_radius__hover_enabled=&#8220;off&#8220; button_one_border_radius__hover=&#8220;null&#8220; button_two_border_radius__hover_enabled=&#8220;off&#8220; button_two_border_radius__hover=&#8220;null&#8220; button_letter_spacing__hover_enabled=&#8220;off&#8220; button_letter_spacing__hover=&#8220;null&#8220; button_one_letter_spacing__hover_enabled=&#8220;off&#8220; button_one_letter_spacing__hover=&#8220;null&#8220; button_two_letter_spacing__hover_enabled=&#8220;off&#8220; button_two_letter_spacing__hover=&#8220;null&#8220; button_bg_color__hover_enabled=&#8220;on&#8220; button_bg_color__hover=&#8220;#e11d5d&#8220; button_one_bg_color__hover_enabled=&#8220;off&#8220; button_one_bg_color__hover=&#8220;null&#8220; button_two_bg_color__hover_enabled=&#8220;off&#8220; button_two_bg_color__hover=&#8220;null&#8220;][\/et_pb_cta][\/et_pb_column][\/et_pb_row][\/et_pb_section]<\/p>\n","protected":false},"excerpt":{"rendered":"<p>[et_pb_section fb_built=&#8220;1&#8243; fullwidth=&#8220;on&#8220; custom_padding_last_edited=&#8220;on|desktop&#8220; _builder_version=&#8220;3.22&#8243; background_color=&#8220;rgba(255,255,255,0)&#8220; custom_padding_tablet=&#8220;50px|0|50px|0&#8243; custom_padding_phone=&#8220;&#8220; transparent_background=&#8220;on&#8220; padding_mobile=&#8220;off&#8220; make_fullwidth=&#8220;off&#8220; use_custom_width=&#8220;off&#8220; width_unit=&#8220;on&#8220; global_module=&#8220;82&#8243;][et_pb_fullwidth_image src=&#8220;https:\/\/www.singingbirds.de\/wp-content\/uploads\/2018\/02\/header.png&#8220; _builder_version=&#8220;3.0.87&#8243; background_size=&#8220;initial&#8220; background_position=&#8220;top_left&#8220; background_repeat=&#8220;repeat&#8220; custom_padding=&#8220;|||&#8220; custom_padding_tablet=&#8220;|||&#8220; custom_padding_phone=&#8220;|||&#8220; animation=&#8220;off&#8220; use_border_color=&#8220;off&#8220; border_color=&#8220;#ffffff&#8220; border_style=&#8220;solid&#8220;] \u00a0 [\/et_pb_fullwidth_image][\/et_pb_section][et_pb_section fb_built=&#8220;1&#8243; custom_padding_last_edited=&#8220;on|desktop&#8220; admin_label=&#8220;section&#8220; _builder_version=&#8220;3.22&#8243; background_color=&#8220;rgba(255,255,255,0)&#8220; custom_padding=&#8220;0px|||&#8220; custom_padding_tablet=&#8220;50px|0|50px|0&#8243; custom_padding_phone=&#8220;&#8220; transparent_background=&#8220;on&#8220; padding_mobile=&#8220;off&#8220; make_fullwidth=&#8220;off&#8220; use_custom_width=&#8220;off&#8220; width_unit=&#8220;on&#8220;][et_pb_row column_structure=&#8220;1_3,1_3,1_3&#8243; _builder_version=&#8220;3.25&#8243; background_size=&#8220;initial&#8220; background_position=&#8220;top_left&#8220; background_repeat=&#8220;repeat&#8220;][et_pb_column type=&#8220;1_3&#8243; _builder_version=&#8220;3.25&#8243; custom_padding=&#8220;|||&#8220; custom_padding__hover=&#8220;|||&#8220;][et_pb_circle_counter title=&#8220;Gute Musik&#8220; number=&#8220;100&#8243; _builder_version=&#8220;3.0.96&#8243; title_font_size=&#8220;26&#8243; [&hellip;]<\/p>\n","protected":false},"author":1,"featured_media":0,"parent":0,"menu_order":0,"comment_status":"closed","ping_status":"closed","template":"","meta":{"_et_pb_use_builder":"on","_et_pb_old_content":"","_et_gb_content_width":""},"yoast_head":"<!-- This site is optimized with the Yoast SEO plugin v20.5 - https:\/\/yoast.com\/wordpress\/plugins\/seo\/ -->\n<title>Popchor f\u00fcr Frauen in M\u00f6nchengladbach - Repertoire<\/title>\n<meta name=\"description\" content=\"Der neue Popchor f\u00fcr Frauen in M\u00f6nchengladbach - die Singing Birds! Hier findest Du Infos zu unserem Repertoire. Wir singen die Hits der letzten 30 Jahre, also sowohl aktuelle Charts als auch Klassiker aus Pop und Rock.Chasing Cars - English Man in New York - Mad world - I can see clearly now - Roar - Sweet child\" \/>\n<meta name=\"robots\" content=\"index, follow, max-snippet:-1, max-image-preview:large, max-video-preview:-1\" \/>\n<link rel=\"canonical\" href=\"https:\/\/www.singingbirds.de\/index.php\/repertoire\/\" \/>\n<meta property=\"og:locale\" content=\"de_DE\" \/>\n<meta property=\"og:type\" content=\"article\" \/>\n<meta property=\"og:title\" content=\"Popchor f\u00fcr Frauen in M\u00f6nchengladbach - Repertoire\" \/>\n<meta property=\"og:description\" content=\"Der neue Popchor f\u00fcr Frauen in M\u00f6nchengladbach - die Singing Birds! Hier findest Du Infos zu unserem Repertoire. Wir singen die Hits der letzten 30 Jahre, also sowohl aktuelle Charts als auch Klassiker aus Pop und Rock.Chasing Cars - English Man in New York - Mad world - I can see clearly now - Roar - Sweet child\" \/>\n<meta property=\"og:url\" content=\"https:\/\/www.singingbirds.de\/index.php\/repertoire\/\" \/>\n<meta property=\"og:site_name\" content=\"Die &quot;Singing Birds&quot;\" \/>\n<meta property=\"article:modified_time\" content=\"2025-06-26T14:34:58+00:00\" \/>\n<meta name=\"twitter:card\" content=\"summary_large_image\" \/>\n<meta name=\"twitter:label1\" content=\"Gesch\u00e4tzte Lesezeit\" \/>\n\t<meta name=\"twitter:data1\" content=\"2\u00a0Minuten\" \/>\n<script type=\"application\/ld+json\" class=\"yoast-schema-graph\">{\"@context\":\"https:\/\/schema.org\",\"@graph\":[{\"@type\":\"WebPage\",\"@id\":\"https:\/\/www.singingbirds.de\/index.php\/repertoire\/\",\"url\":\"https:\/\/www.singingbirds.de\/index.php\/repertoire\/\",\"name\":\"Popchor f\u00fcr Frauen in M\u00f6nchengladbach - Repertoire\",\"isPartOf\":{\"@id\":\"https:\/\/www.singingbirds.de\/#website\"},\"datePublished\":\"2018-02-22T20:45:38+00:00\",\"dateModified\":\"2025-06-26T14:34:58+00:00\",\"description\":\"Der neue Popchor f\u00fcr Frauen in M\u00f6nchengladbach - die Singing Birds! Hier findest Du Infos zu unserem Repertoire. Wir singen die Hits der letzten 30 Jahre, also sowohl aktuelle Charts als auch Klassiker aus Pop und Rock.Chasing Cars - English Man in New York - Mad world - I can see clearly now - Roar - Sweet child\",\"breadcrumb\":{\"@id\":\"https:\/\/www.singingbirds.de\/index.php\/repertoire\/#breadcrumb\"},\"inLanguage\":\"de\",\"potentialAction\":[{\"@type\":\"ReadAction\",\"target\":[\"https:\/\/www.singingbirds.de\/index.php\/repertoire\/\"]}]},{\"@type\":\"BreadcrumbList\",\"@id\":\"https:\/\/www.singingbirds.de\/index.php\/repertoire\/#breadcrumb\",\"itemListElement\":[{\"@type\":\"ListItem\",\"position\":1,\"name\":\"Startseite\",\"item\":\"https:\/\/www.singingbirds.de\/\"},{\"@type\":\"ListItem\",\"position\":2,\"name\":\"Repertoire\"}]},{\"@type\":\"WebSite\",\"@id\":\"https:\/\/www.singingbirds.de\/#website\",\"url\":\"https:\/\/www.singingbirds.de\/\",\"name\":\"Die &quot;Singing Birds&quot;\",\"description\":\"ein neuer Popchor in M\u00f6nchengladbach\",\"potentialAction\":[{\"@type\":\"SearchAction\",\"target\":{\"@type\":\"EntryPoint\",\"urlTemplate\":\"https:\/\/www.singingbirds.de\/?s={search_term_string}\"},\"query-input\":\"required name=search_term_string\"}],\"inLanguage\":\"de\"}]}<\/script>\n<!-- \/ Yoast SEO plugin. -->","yoast_head_json":{"title":"Popchor f\u00fcr Frauen in M\u00f6nchengladbach - Repertoire","description":"Der neue Popchor f\u00fcr Frauen in M\u00f6nchengladbach - die Singing Birds! Hier findest Du Infos zu unserem Repertoire. Wir singen die Hits der letzten 30 Jahre, also sowohl aktuelle Charts als auch Klassiker aus Pop und Rock.Chasing Cars - English Man in New York - Mad world - I can see clearly now - Roar - Sweet child","robots":{"index":"index","follow":"follow","max-snippet":"max-snippet:-1","max-image-preview":"max-image-preview:large","max-video-preview":"max-video-preview:-1"},"canonical":"https:\/\/www.singingbirds.de\/index.php\/repertoire\/","og_locale":"de_DE","og_type":"article","og_title":"Popchor f\u00fcr Frauen in M\u00f6nchengladbach - Repertoire","og_description":"Der neue Popchor f\u00fcr Frauen in M\u00f6nchengladbach - die Singing Birds! Hier findest Du Infos zu unserem Repertoire. Wir singen die Hits der letzten 30 Jahre, also sowohl aktuelle Charts als auch Klassiker aus Pop und Rock.Chasing Cars - English Man in New York - Mad world - I can see clearly now - Roar - Sweet child","og_url":"https:\/\/www.singingbirds.de\/index.php\/repertoire\/","og_site_name":"Die &quot;Singing Birds&quot;","article_modified_time":"2025-06-26T14:34:58+00:00","twitter_card":"summary_large_image","twitter_misc":{"Gesch\u00e4tzte Lesezeit":"2\u00a0Minuten"},"schema":{"@context":"https:\/\/schema.org","@graph":[{"@type":"WebPage","@id":"https:\/\/www.singingbirds.de\/index.php\/repertoire\/","url":"https:\/\/www.singingbirds.de\/index.php\/repertoire\/","name":"Popchor f\u00fcr Frauen in M\u00f6nchengladbach - Repertoire","isPartOf":{"@id":"https:\/\/www.singingbirds.de\/#website"},"datePublished":"2018-02-22T20:45:38+00:00","dateModified":"2025-06-26T14:34:58+00:00","description":"Der neue Popchor f\u00fcr Frauen in M\u00f6nchengladbach - die Singing Birds! Hier findest Du Infos zu unserem Repertoire. Wir singen die Hits der letzten 30 Jahre, also sowohl aktuelle Charts als auch Klassiker aus Pop und Rock.Chasing Cars - English Man in New York - Mad world - I can see clearly now - Roar - Sweet child","breadcrumb":{"@id":"https:\/\/www.singingbirds.de\/index.php\/repertoire\/#breadcrumb"},"inLanguage":"de","potentialAction":[{"@type":"ReadAction","target":["https:\/\/www.singingbirds.de\/index.php\/repertoire\/"]}]},{"@type":"BreadcrumbList","@id":"https:\/\/www.singingbirds.de\/index.php\/repertoire\/#breadcrumb","itemListElement":[{"@type":"ListItem","position":1,"name":"Startseite","item":"https:\/\/www.singingbirds.de\/"},{"@type":"ListItem","position":2,"name":"Repertoire"}]},{"@type":"WebSite","@id":"https:\/\/www.singingbirds.de\/#website","url":"https:\/\/www.singingbirds.de\/","name":"Die &quot;Singing Birds&quot;","description":"ein neuer Popchor in M\u00f6nchengladbach","potentialAction":[{"@type":"SearchAction","target":{"@type":"EntryPoint","urlTemplate":"https:\/\/www.singingbirds.de\/?s={search_term_string}"},"query-input":"required name=search_term_string"}],"inLanguage":"de"}]}},"_links":{"self":[{"href":"https:\/\/www.singingbirds.de\/index.php\/wp-json\/wp\/v2\/pages\/223"}],"collection":[{"href":"https:\/\/www.singingbirds.de\/index.php\/wp-json\/wp\/v2\/pages"}],"about":[{"href":"https:\/\/www.singingbirds.de\/index.php\/wp-json\/wp\/v2\/types\/page"}],"author":[{"embeddable":true,"href":"https:\/\/www.singingbirds.de\/index.php\/wp-json\/wp\/v2\/users\/1"}],"replies":[{"embeddable":true,"href":"https:\/\/www.singingbirds.de\/index.php\/wp-json\/wp\/v2\/comments?post=223"}],"version-history":[{"count":21,"href":"https:\/\/www.singingbirds.de\/index.php\/wp-json\/wp\/v2\/pages\/223\/revisions"}],"predecessor-version":[{"id":644,"href":"https:\/\/www.singingbirds.de\/index.php\/wp-json\/wp\/v2\/pages\/223\/revisions\/644"}],"wp:attachment":[{"href":"https:\/\/www.singingbirds.de\/index.php\/wp-json\/wp\/v2\/media?parent=223"}],"curies":[{"name":"wp","href":"https:\/\/api.w.org\/{rel}","templated":true}]}}