{"id":2,"date":"2018-02-22T17:48:52","date_gmt":"2018-02-22T16:48:52","guid":{"rendered":"http:\/\/www.singingbirds.de\/?page_id=2"},"modified":"2018-03-03T13:05:20","modified_gmt":"2018-03-03T12:05:20","slug":"chorleitung","status":"publish","type":"page","link":"https:\/\/www.singingbirds.de\/index.php\/chorleitung\/","title":{"rendered":"Chorleitung"},"content":{"rendered":"<p>[et_pb_section bb_built=&#8220;1&#8243; fullwidth=&#8220;on&#8220; specialty=&#8220;off&#8220; transparent_background=&#8220;on&#8220; allow_player_pause=&#8220;off&#8220; inner_shadow=&#8220;off&#8220; parallax=&#8220;off&#8220; parallax_method=&#8220;off&#8220; padding_mobile=&#8220;off&#8220; make_fullwidth=&#8220;off&#8220; use_custom_width=&#8220;off&#8220; width_unit=&#8220;on&#8220; make_equal=&#8220;off&#8220; use_custom_gutter=&#8220;off&#8220; background_color=&#8220;rgba(255,255,255,0)&#8220; custom_padding_tablet=&#8220;50px|0|50px|0&#8243; custom_padding_last_edited=&#8220;on|desktop&#8220; global_module=&#8220;82&#8243;][et_pb_fullwidth_image global_parent=&#8220;82&#8243; src=&#8220;http:\/\/www.singingbirds.de\/wp-content\/uploads\/2018\/02\/header.png&#8220; show_in_lightbox=&#8220;off&#8220; url_new_window=&#8220;off&#8220; animation=&#8220;off&#8220; use_border_color=&#8220;off&#8220; border_color=&#8220;#ffffff&#8220; border_style=&#8220;solid&#8220; background_position=&#8220;top_left&#8220; background_repeat=&#8220;repeat&#8220; background_size=&#8220;initial&#8220; animation_style=&#8220;none&#8220; animation_duration=&#8220;1000ms&#8220; animation_intensity_slide=&#8220;50%&#8220; custom_padding=&#8220;|||&#8220; custom_padding_tablet=&#8220;|||&#8220; custom_padding_phone=&#8220;|||&#8220; show_inner_shadow=&#8220;on&#8220; show_content_on_mobile=&#8220;on&#8220; show_cta_on_mobile=&#8220;on&#8220;]<\/p>\n<p>&nbsp;<\/p>\n<p>[\/et_pb_fullwidth_image][\/et_pb_section][et_pb_section bb_built=&#8220;1&#8243; admin_label=&#8220;section&#8220; background_color=&#8220;rgba(255,255,255,0)&#8220; custom_padding_last_edited=&#8220;on|desktop&#8220; _builder_version=&#8220;3.0.47&#8243; custom_padding=&#8220;0px|||&#8220; custom_padding_tablet=&#8220;50px|0|50px|0&#8243; transparent_background=&#8220;on&#8220; padding_mobile=&#8220;off&#8220;][et_pb_row admin_label=&#8220;row&#8220; padding_mobile=&#8220;off&#8220; column_padding_mobile=&#8220;on&#8220; _builder_version=&#8220;3.0.47&#8243; background_size=&#8220;initial&#8220; background_position=&#8220;top_left&#8220; background_repeat=&#8220;repeat&#8220;][et_pb_column type=&#8220;4_4&#8243;][et_pb_text _builder_version=&#8220;3.0.96&#8243; background_size=&#8220;initial&#8220; background_position=&#8220;top_left&#8220; background_repeat=&#8220;repeat&#8220; text_orientation=&#8220;center&#8220; module_alignment=&#8220;center&#8220; custom_padding=&#8220;||30px|&#8220; custom_css_main_element=&#8220;\/* drehen *\/ || -moz-transform: rotate(-3.3deg);|| -webkit-transform: rotate(-3.3deg);|| -o-transform: rotate(-3.3deg);|| transform: rotate(-3.3deg);|| -ms-transform: rotate(-3.3deg); &#8220; use_border_color=&#8220;off&#8220; background_layout=&#8220;light&#8220; header_2_font_size=&#8220;54px&#8220; header_2_font_size_tablet=&#8220;50px&#8220; header_2_font_size_last_edited=&#8220;on|phone&#8220; header_2_font_size_phone=&#8220;26px&#8220; header_font_size=&#8220;29px&#8220; header_font_size_phone=&#8220;18px&#8220; header_font_size_last_edited=&#8220;on|phone&#8220;]<\/p>\n<h2><span style=\"color: #e11d5d;\">Unsere Chorleiterin !<br \/>\n<\/span><\/h2>\n<p><strong>\u00a0<\/strong><\/p>\n<p>[\/et_pb_text][\/et_pb_column][\/et_pb_row][et_pb_row admin_label=&#8220;row&#8220; _builder_version=&#8220;3.0.47&#8243; background_size=&#8220;initial&#8220; background_position=&#8220;top_left&#8220; background_repeat=&#8220;repeat&#8220;][et_pb_column type=&#8220;1_2&#8243;][et_pb_team_member admin_label=&#8220;Team Member&#8220; image_url=&#8220;http:\/\/www.singingbirds.de\/wp-content\/uploads\/2018\/02\/Andrea-Kaiser.jpg&#8220; _builder_version=&#8220;3.0.96&#8243; background_size=&#8220;initial&#8220; background_position=&#8220;top_left&#8220; background_repeat=&#8220;repeat&#8220; animation=&#8220;fade_in&#8220; use_border_color=&#8220;off&#8220; background_layout=&#8220;light&#8220; \/][\/et_pb_column][et_pb_column type=&#8220;1_2&#8243;][et_pb_text _builder_version=&#8220;3.0.96&#8243; background_layout=&#8220;light&#8220;]<\/p>\n<h2>Andrea Kaiser<\/h2>\n<p>Jahrgang 1975<br \/>\nDiplommusikerin Fach Jazzgesang<br \/>\nStudium Hochschule f\u00fcr Musik K\u00f6ln<br \/>\narbeitet als S\u00e4ngerin<br \/>\nGesangslehrerin und Chorleiterin<br \/>\nlebt in M\u00f6nchengladbach mit Ehemann und Hund<\/p>\n<p>&nbsp;<\/p>\n<p>&nbsp;<\/p>\n<p>[\/et_pb_text][et_pb_cta _builder_version=&#8220;3.0.96&#8243; button_url=&#8220;www.andreakaiser.com&#8220; url_new_window=&#8220;on&#8220; use_background_color=&#8220;on&#8220; background_layout=&#8220;dark&#8220; custom_button=&#8220;off&#8220; button_icon_placement=&#8220;right&#8220; button_text=&#8220;www.andreakaiser.com&#8220; text_shadow_vertical_length=&#8220;0.1em&#8220; text_shadow_blur_strength=&#8220;0.1em&#8220; title=&#8220;mehr Infos&#8220; filter_opacity=&#8220;94%&#8220; animation_style=&#8220;slide&#8220; header_font_size=&#8220;22&#8243; max_width_last_edited=&#8220;on|tablet&#8220; body_line_height_last_edited=&#8220;on|phone&#8220; body_font_size=&#8220;12&#8243; text_orientation=&#8220;left&#8220;]<\/p>\n<p><a href=\"http:\/\/www.andreakaiser.com\" target=\"_blank\" rel=\"noopener\">www.andreakaiser.com<\/a><\/p>\n<p>[\/et_pb_cta][\/et_pb_column][\/et_pb_row][\/et_pb_section]<\/p>\n","protected":false},"excerpt":{"rendered":"<p>[et_pb_section bb_built=&#8220;1&#8243; fullwidth=&#8220;on&#8220; specialty=&#8220;off&#8220; transparent_background=&#8220;on&#8220; allow_player_pause=&#8220;off&#8220; inner_shadow=&#8220;off&#8220; parallax=&#8220;off&#8220; parallax_method=&#8220;off&#8220; padding_mobile=&#8220;off&#8220; make_fullwidth=&#8220;off&#8220; use_custom_width=&#8220;off&#8220; width_unit=&#8220;on&#8220; make_equal=&#8220;off&#8220; use_custom_gutter=&#8220;off&#8220; background_color=&#8220;rgba(255,255,255,0)&#8220; custom_padding_tablet=&#8220;50px|0|50px|0&#8243; custom_padding_last_edited=&#8220;on|desktop&#8220; global_module=&#8220;82&#8243;][et_pb_fullwidth_image global_parent=&#8220;82&#8243; src=&#8220;http:\/\/www.singingbirds.de\/wp-content\/uploads\/2018\/02\/header.png&#8220; show_in_lightbox=&#8220;off&#8220; url_new_window=&#8220;off&#8220; animation=&#8220;off&#8220; use_border_color=&#8220;off&#8220; border_color=&#8220;#ffffff&#8220; border_style=&#8220;solid&#8220; background_position=&#8220;top_left&#8220; background_repeat=&#8220;repeat&#8220; background_size=&#8220;initial&#8220; animation_style=&#8220;none&#8220; animation_duration=&#8220;1000ms&#8220; animation_intensity_slide=&#8220;50%&#8220; custom_padding=&#8220;|||&#8220; custom_padding_tablet=&#8220;|||&#8220; custom_padding_phone=&#8220;|||&#8220; show_inner_shadow=&#8220;on&#8220; show_content_on_mobile=&#8220;on&#8220; show_cta_on_mobile=&#8220;on&#8220;] &nbsp; [\/et_pb_fullwidth_image][\/et_pb_section][et_pb_section bb_built=&#8220;1&#8243; admin_label=&#8220;section&#8220; background_color=&#8220;rgba(255,255,255,0)&#8220; custom_padding_last_edited=&#8220;on|desktop&#8220; _builder_version=&#8220;3.0.47&#8243; custom_padding=&#8220;0px|||&#8220; custom_padding_tablet=&#8220;50px|0|50px|0&#8243; transparent_background=&#8220;on&#8220; padding_mobile=&#8220;off&#8220;][et_pb_row admin_label=&#8220;row&#8220; padding_mobile=&#8220;off&#8220; column_padding_mobile=&#8220;on&#8220; _builder_version=&#8220;3.0.47&#8243; background_size=&#8220;initial&#8220; [&hellip;]<\/p>\n","protected":false},"author":1,"featured_media":0,"parent":0,"menu_order":0,"comment_status":"closed","ping_status":"open","template":"","meta":{"_et_pb_use_builder":"on","_et_pb_old_content":"<p>Dies ist eine Beispiel-Seite. Sie unterscheidet sich von Beitr\u00e4gen, da sie stets an der selben Stelle bleibt und (bei den meisten Themes) in der Navigation angezeigt wird. Die meisten Leute starten mit einem Impressum oder einer \u201e\u00dcber uns\u201c-Seite mit einer Vorstellung f\u00fcr m\u00f6gliche Besucher der Website. Dort k\u00f6nnte zum Beispiel stehen:<\/p><blockquote><p>Hallo! Tags\u00fcber arbeite ich als Fahrradkurier, nachts bin ich ein aufstrebender Schauspieler und dies hier ist meine Website. Ich lebe in Berlin, habe einen gro\u00dfen Hund namens Jack, mag Pi\u00f1a Coladas, jedoch weniger (ohne Schirm) im Regen stehen gelassen zu werden.<\/p><\/blockquote><p>...oder sowas wie:<\/p><blockquote><p>Unsere Firma XYZ wurde 1971 gegr\u00fcndet und hat seither eine Menge hochqualitativen ABC f\u00fcr die \u00d6ffentlichkeit produziert. Ans\u00e4ssig in Gotham City, hat XYZ mittlerweile \u00fcber 2,000 Mitarbeiter und entwickelt immer wieder gro\u00dfartige Dinge f\u00fcr die ganze Gotham Gemeinschaft.<\/p><\/blockquote><p>Als neuer WordPress-Nutzer solltest du das <a href=\"http:\/\/www.singingbirds.de\/wp-admin\/\">Dashboard<\/a> aufrufen, um diese Seite zu l\u00f6schen und statt dessen eine neue Seite mit deinen eigenen Inhalten erstellen. Viel Spa\u00df!<\/p>","_et_gb_content_width":""},"yoast_head":"<!-- This site is optimized with the Yoast SEO plugin v20.5 - https:\/\/yoast.com\/wordpress\/plugins\/seo\/ -->\n<title>Chorleitung - Die &quot;Singing Birds&quot;<\/title>\n<meta name=\"robots\" content=\"index, follow, max-snippet:-1, max-image-preview:large, max-video-preview:-1\" \/>\n<link rel=\"canonical\" href=\"https:\/\/www.singingbirds.de\/index.php\/chorleitung\/\" \/>\n<meta property=\"og:locale\" content=\"de_DE\" \/>\n<meta property=\"og:type\" content=\"article\" \/>\n<meta property=\"og:title\" content=\"Chorleitung - Die &quot;Singing Birds&quot;\" \/>\n<meta property=\"og:description\" content=\"[et_pb_section bb_built=&#8220;1&#8243; fullwidth=&#8220;on&#8220; specialty=&#8220;off&#8220; transparent_background=&#8220;on&#8220; allow_player_pause=&#8220;off&#8220; inner_shadow=&#8220;off&#8220; parallax=&#8220;off&#8220; parallax_method=&#8220;off&#8220; padding_mobile=&#8220;off&#8220; make_fullwidth=&#8220;off&#8220; use_custom_width=&#8220;off&#8220; width_unit=&#8220;on&#8220; make_equal=&#8220;off&#8220; use_custom_gutter=&#8220;off&#8220; background_color=&#8220;rgba(255,255,255,0)&#8220; custom_padding_tablet=&#8220;50px|0|50px|0&#8243; custom_padding_last_edited=&#8220;on|desktop&#8220; global_module=&#8220;82&#8243;][et_pb_fullwidth_image global_parent=&#8220;82&#8243; src=&#8220;http:\/\/www.singingbirds.de\/wp-content\/uploads\/2018\/02\/header.png&#8220; show_in_lightbox=&#8220;off&#8220; url_new_window=&#8220;off&#8220; animation=&#8220;off&#8220; use_border_color=&#8220;off&#8220; border_color=&#8220;#ffffff&#8220; border_style=&#8220;solid&#8220; background_position=&#8220;top_left&#8220; background_repeat=&#8220;repeat&#8220; background_size=&#8220;initial&#8220; animation_style=&#8220;none&#8220; animation_duration=&#8220;1000ms&#8220; animation_intensity_slide=&#8220;50%&#8220; custom_padding=&#8220;|||&#8220; custom_padding_tablet=&#8220;|||&#8220; custom_padding_phone=&#8220;|||&#8220; show_inner_shadow=&#8220;on&#8220; show_content_on_mobile=&#8220;on&#8220; show_cta_on_mobile=&#8220;on&#8220;] &nbsp; [\/et_pb_fullwidth_image][\/et_pb_section][et_pb_section bb_built=&#8220;1&#8243; admin_label=&#8220;section&#8220; background_color=&#8220;rgba(255,255,255,0)&#8220; custom_padding_last_edited=&#8220;on|desktop&#8220; _builder_version=&#8220;3.0.47&#8243; custom_padding=&#8220;0px|||&#8220; custom_padding_tablet=&#8220;50px|0|50px|0&#8243; transparent_background=&#8220;on&#8220; padding_mobile=&#8220;off&#8220;][et_pb_row admin_label=&#8220;row&#8220; padding_mobile=&#8220;off&#8220; column_padding_mobile=&#8220;on&#8220; _builder_version=&#8220;3.0.47&#8243; background_size=&#8220;initial&#8220; [&hellip;]\" \/>\n<meta property=\"og:url\" content=\"https:\/\/www.singingbirds.de\/index.php\/chorleitung\/\" \/>\n<meta property=\"og:site_name\" content=\"Die &quot;Singing Birds&quot;\" \/>\n<meta property=\"article:modified_time\" content=\"2018-03-03T12:05:20+00:00\" \/>\n<meta name=\"twitter:card\" content=\"summary_large_image\" \/>\n<meta name=\"twitter:label1\" content=\"Gesch\u00e4tzte Lesezeit\" \/>\n\t<meta name=\"twitter:data1\" content=\"3\u00a0Minuten\" \/>\n<script type=\"application\/ld+json\" class=\"yoast-schema-graph\">{\"@context\":\"https:\/\/schema.org\",\"@graph\":[{\"@type\":\"WebPage\",\"@id\":\"https:\/\/www.singingbirds.de\/index.php\/chorleitung\/\",\"url\":\"https:\/\/www.singingbirds.de\/index.php\/chorleitung\/\",\"name\":\"Chorleitung - Die &quot;Singing Birds&quot;\",\"isPartOf\":{\"@id\":\"https:\/\/www.singingbirds.de\/#website\"},\"datePublished\":\"2018-02-22T16:48:52+00:00\",\"dateModified\":\"2018-03-03T12:05:20+00:00\",\"breadcrumb\":{\"@id\":\"https:\/\/www.singingbirds.de\/index.php\/chorleitung\/#breadcrumb\"},\"inLanguage\":\"de\",\"potentialAction\":[{\"@type\":\"ReadAction\",\"target\":[\"https:\/\/www.singingbirds.de\/index.php\/chorleitung\/\"]}]},{\"@type\":\"BreadcrumbList\",\"@id\":\"https:\/\/www.singingbirds.de\/index.php\/chorleitung\/#breadcrumb\",\"itemListElement\":[{\"@type\":\"ListItem\",\"position\":1,\"name\":\"Startseite\",\"item\":\"https:\/\/www.singingbirds.de\/\"},{\"@type\":\"ListItem\",\"position\":2,\"name\":\"Chorleitung\"}]},{\"@type\":\"WebSite\",\"@id\":\"https:\/\/www.singingbirds.de\/#website\",\"url\":\"https:\/\/www.singingbirds.de\/\",\"name\":\"Die &quot;Singing Birds&quot;\",\"description\":\"ein neuer Popchor in M\u00f6nchengladbach\",\"potentialAction\":[{\"@type\":\"SearchAction\",\"target\":{\"@type\":\"EntryPoint\",\"urlTemplate\":\"https:\/\/www.singingbirds.de\/?s={search_term_string}\"},\"query-input\":\"required name=search_term_string\"}],\"inLanguage\":\"de\"}]}<\/script>\n<!-- \/ Yoast SEO plugin. -->","yoast_head_json":{"title":"Chorleitung - Die &quot;Singing Birds&quot;","robots":{"index":"index","follow":"follow","max-snippet":"max-snippet:-1","max-image-preview":"max-image-preview:large","max-video-preview":"max-video-preview:-1"},"canonical":"https:\/\/www.singingbirds.de\/index.php\/chorleitung\/","og_locale":"de_DE","og_type":"article","og_title":"Chorleitung - Die &quot;Singing Birds&quot;","og_description":"[et_pb_section bb_built=&#8220;1&#8243; fullwidth=&#8220;on&#8220; specialty=&#8220;off&#8220; transparent_background=&#8220;on&#8220; allow_player_pause=&#8220;off&#8220; inner_shadow=&#8220;off&#8220; parallax=&#8220;off&#8220; parallax_method=&#8220;off&#8220; padding_mobile=&#8220;off&#8220; make_fullwidth=&#8220;off&#8220; use_custom_width=&#8220;off&#8220; width_unit=&#8220;on&#8220; make_equal=&#8220;off&#8220; use_custom_gutter=&#8220;off&#8220; background_color=&#8220;rgba(255,255,255,0)&#8220; custom_padding_tablet=&#8220;50px|0|50px|0&#8243; custom_padding_last_edited=&#8220;on|desktop&#8220; global_module=&#8220;82&#8243;][et_pb_fullwidth_image global_parent=&#8220;82&#8243; src=&#8220;http:\/\/www.singingbirds.de\/wp-content\/uploads\/2018\/02\/header.png&#8220; show_in_lightbox=&#8220;off&#8220; url_new_window=&#8220;off&#8220; animation=&#8220;off&#8220; use_border_color=&#8220;off&#8220; border_color=&#8220;#ffffff&#8220; border_style=&#8220;solid&#8220; background_position=&#8220;top_left&#8220; background_repeat=&#8220;repeat&#8220; background_size=&#8220;initial&#8220; animation_style=&#8220;none&#8220; animation_duration=&#8220;1000ms&#8220; animation_intensity_slide=&#8220;50%&#8220; custom_padding=&#8220;|||&#8220; custom_padding_tablet=&#8220;|||&#8220; custom_padding_phone=&#8220;|||&#8220; show_inner_shadow=&#8220;on&#8220; show_content_on_mobile=&#8220;on&#8220; show_cta_on_mobile=&#8220;on&#8220;] &nbsp; [\/et_pb_fullwidth_image][\/et_pb_section][et_pb_section bb_built=&#8220;1&#8243; admin_label=&#8220;section&#8220; background_color=&#8220;rgba(255,255,255,0)&#8220; custom_padding_last_edited=&#8220;on|desktop&#8220; _builder_version=&#8220;3.0.47&#8243; custom_padding=&#8220;0px|||&#8220; custom_padding_tablet=&#8220;50px|0|50px|0&#8243; transparent_background=&#8220;on&#8220; padding_mobile=&#8220;off&#8220;][et_pb_row admin_label=&#8220;row&#8220; padding_mobile=&#8220;off&#8220; column_padding_mobile=&#8220;on&#8220; _builder_version=&#8220;3.0.47&#8243; background_size=&#8220;initial&#8220; [&hellip;]","og_url":"https:\/\/www.singingbirds.de\/index.php\/chorleitung\/","og_site_name":"Die &quot;Singing Birds&quot;","article_modified_time":"2018-03-03T12:05:20+00:00","twitter_card":"summary_large_image","twitter_misc":{"Gesch\u00e4tzte Lesezeit":"3\u00a0Minuten"},"schema":{"@context":"https:\/\/schema.org","@graph":[{"@type":"WebPage","@id":"https:\/\/www.singingbirds.de\/index.php\/chorleitung\/","url":"https:\/\/www.singingbirds.de\/index.php\/chorleitung\/","name":"Chorleitung - Die &quot;Singing Birds&quot;","isPartOf":{"@id":"https:\/\/www.singingbirds.de\/#website"},"datePublished":"2018-02-22T16:48:52+00:00","dateModified":"2018-03-03T12:05:20+00:00","breadcrumb":{"@id":"https:\/\/www.singingbirds.de\/index.php\/chorleitung\/#breadcrumb"},"inLanguage":"de","potentialAction":[{"@type":"ReadAction","target":["https:\/\/www.singingbirds.de\/index.php\/chorleitung\/"]}]},{"@type":"BreadcrumbList","@id":"https:\/\/www.singingbirds.de\/index.php\/chorleitung\/#breadcrumb","itemListElement":[{"@type":"ListItem","position":1,"name":"Startseite","item":"https:\/\/www.singingbirds.de\/"},{"@type":"ListItem","position":2,"name":"Chorleitung"}]},{"@type":"WebSite","@id":"https:\/\/www.singingbirds.de\/#website","url":"https:\/\/www.singingbirds.de\/","name":"Die &quot;Singing Birds&quot;","description":"ein neuer Popchor in M\u00f6nchengladbach","potentialAction":[{"@type":"SearchAction","target":{"@type":"EntryPoint","urlTemplate":"https:\/\/www.singingbirds.de\/?s={search_term_string}"},"query-input":"required name=search_term_string"}],"inLanguage":"de"}]}},"_links":{"self":[{"href":"https:\/\/www.singingbirds.de\/index.php\/wp-json\/wp\/v2\/pages\/2"}],"collection":[{"href":"https:\/\/www.singingbirds.de\/index.php\/wp-json\/wp\/v2\/pages"}],"about":[{"href":"https:\/\/www.singingbirds.de\/index.php\/wp-json\/wp\/v2\/types\/page"}],"author":[{"embeddable":true,"href":"https:\/\/www.singingbirds.de\/index.php\/wp-json\/wp\/v2\/users\/1"}],"replies":[{"embeddable":true,"href":"https:\/\/www.singingbirds.de\/index.php\/wp-json\/wp\/v2\/comments?post=2"}],"version-history":[{"count":20,"href":"https:\/\/www.singingbirds.de\/index.php\/wp-json\/wp\/v2\/pages\/2\/revisions"}],"predecessor-version":[{"id":429,"href":"https:\/\/www.singingbirds.de\/index.php\/wp-json\/wp\/v2\/pages\/2\/revisions\/429"}],"wp:attachment":[{"href":"https:\/\/www.singingbirds.de\/index.php\/wp-json\/wp\/v2\/media?parent=2"}],"curies":[{"name":"wp","href":"https:\/\/api.w.org\/{rel}","templated":true}]}}