{"id":167,"date":"2018-02-22T17:57:43","date_gmt":"2018-02-22T16:57:43","guid":{"rendered":"http:\/\/www.singingbirds.de\/?page_id=167"},"modified":"2023-02-25T12:06:52","modified_gmt":"2023-02-25T11:06:52","slug":"start","status":"publish","type":"page","link":"https:\/\/www.singingbirds.de\/","title":{"rendered":"Start"},"content":{"rendered":"<p>[et_pb_section fb_built=&#8220;1&#8243; fullwidth=&#8220;on&#8220; custom_padding_last_edited=&#8220;on|desktop&#8220; _builder_version=&#8220;3.22&#8243; background_color=&#8220;rgba(255,255,255,0)&#8220; custom_padding_tablet=&#8220;50px|0|50px|0&#8243; custom_padding_phone=&#8220;&#8220; transparent_background=&#8220;on&#8220; padding_mobile=&#8220;off&#8220; make_fullwidth=&#8220;off&#8220; use_custom_width=&#8220;off&#8220; width_unit=&#8220;on&#8220; global_module=&#8220;82&#8243;][et_pb_fullwidth_image src=&#8220;https:\/\/www.singingbirds.de\/wp-content\/uploads\/2018\/02\/header.png&#8220; _builder_version=&#8220;3.0.87&#8243; background_size=&#8220;initial&#8220; background_position=&#8220;top_left&#8220; background_repeat=&#8220;repeat&#8220; custom_padding=&#8220;|||&#8220; custom_padding_tablet=&#8220;|||&#8220; custom_padding_phone=&#8220;|||&#8220; use_border_color=&#8220;off&#8220; border_color=&#8220;#ffffff&#8220; border_style=&#8220;solid&#8220; animation=&#8220;off&#8220;]<\/p>\n<p>\u00a0<\/p>\n<p>[\/et_pb_fullwidth_image][\/et_pb_section][et_pb_section fb_built=&#8220;1&#8243; custom_padding_last_edited=&#8220;on|desktop&#8220; admin_label=&#8220;section&#8220; _builder_version=&#8220;3.22&#8243; background_color=&#8220;rgba(255,255,255,0)&#8220; custom_padding=&#8220;0px|||&#8220; custom_padding_tablet=&#8220;50px|0|50px|0&#8243; custom_padding_phone=&#8220;&#8220; transparent_background=&#8220;on&#8220; padding_mobile=&#8220;off&#8220;][et_pb_row padding_mobile=&#8220;off&#8220; column_padding_mobile=&#8220;on&#8220; admin_label=&#8220;row&#8220; _builder_version=&#8220;3.25&#8243; background_size=&#8220;initial&#8220; background_position=&#8220;top_left&#8220; background_repeat=&#8220;repeat&#8220;][et_pb_column type=&#8220;4_4&#8243; _builder_version=&#8220;3.25&#8243; custom_padding=&#8220;|||&#8220; custom_padding__hover=&#8220;|||&#8220;][et_pb_slider show_arrows=&#8220;off&#8220; show_pagination=&#8220;off&#8220; _builder_version=&#8220;3.18.7&#8243; header_font=&#8220;Open Sans|on|||&#8220; header_font_size=&#8220;14&#8243; body_text_color=&#8220;#5e5e5e&#8220; body_font_size=&#8220;14&#8243; background_position=&#8220;top_left&#8220; auto=&#8220;on&#8220; auto_speed=&#8220;5000&#8243; button_text_size__hover_enabled=&#8220;off&#8220; button_text_size__hover=&#8220;null&#8220; button_one_text_size__hover_enabled=&#8220;off&#8220; button_one_text_size__hover=&#8220;null&#8220; button_two_text_size__hover_enabled=&#8220;off&#8220; button_two_text_size__hover=&#8220;null&#8220; button_text_color__hover_enabled=&#8220;off&#8220; button_text_color__hover=&#8220;null&#8220; button_one_text_color__hover_enabled=&#8220;off&#8220; button_one_text_color__hover=&#8220;null&#8220; button_two_text_color__hover_enabled=&#8220;off&#8220; button_two_text_color__hover=&#8220;null&#8220; button_border_width__hover_enabled=&#8220;off&#8220; button_border_width__hover=&#8220;null&#8220; button_one_border_width__hover_enabled=&#8220;off&#8220; button_one_border_width__hover=&#8220;null&#8220; button_two_border_width__hover_enabled=&#8220;off&#8220; button_two_border_width__hover=&#8220;null&#8220; button_border_color__hover_enabled=&#8220;off&#8220; button_border_color__hover=&#8220;null&#8220; button_one_border_color__hover_enabled=&#8220;off&#8220; button_one_border_color__hover=&#8220;null&#8220; button_two_border_color__hover_enabled=&#8220;off&#8220; button_two_border_color__hover=&#8220;null&#8220; button_border_radius__hover_enabled=&#8220;off&#8220; button_border_radius__hover=&#8220;null&#8220; button_one_border_radius__hover_enabled=&#8220;off&#8220; button_one_border_radius__hover=&#8220;null&#8220; button_two_border_radius__hover_enabled=&#8220;off&#8220; button_two_border_radius__hover=&#8220;null&#8220; button_letter_spacing__hover_enabled=&#8220;off&#8220; button_letter_spacing__hover=&#8220;null&#8220; button_one_letter_spacing__hover_enabled=&#8220;off&#8220; button_one_letter_spacing__hover=&#8220;null&#8220; button_two_letter_spacing__hover_enabled=&#8220;off&#8220; button_two_letter_spacing__hover=&#8220;null&#8220; button_bg_color__hover_enabled=&#8220;off&#8220; button_bg_color__hover=&#8220;null&#8220; button_one_bg_color__hover_enabled=&#8220;off&#8220; button_one_bg_color__hover=&#8220;null&#8220; button_two_bg_color__hover_enabled=&#8220;off&#8220; button_two_bg_color__hover=&#8220;null&#8220;][et_pb_slide heading=&#8220;Der Popchor in MG&#8220; button_text=&#8220;Sch\u00f6n, dass Du unsere Seite besuchst!&#8220; button_link=&#8220;https:\/\/www.singingbirds.de\/index.php\/termine\/&#8220; image=&#8220;https:\/\/www.singingbirds.de\/wp-content\/uploads\/2018\/02\/Vogel-mit-Noten.jpg&#8220; use_bg_overlay=&#8220;off&#8220; use_text_overlay=&#8220;off&#8220; arrows_custom_color=&#8220;#e11d5d&#8220; dot_nav_custom_color=&#8220;#e11d5d&#8220; _builder_version=&#8220;3.18.7&#8243; header_font=&#8220;||||||||&#8220; background_color=&#8220;#ffffff&#8220; background_size=&#8220;contain&#8220; background_position=&#8220;top_left&#8220; custom_button=&#8220;on&#8220; button_use_icon=&#8220;on&#8220; button_on_hover=&#8220;on&#8220; background_layout=&#8220;light&#8220;][\/et_pb_slide][et_pb_slide heading=&#8220;Der Popchor in MG&#8220; button_text=&#8220;Termine? klicke hier&#8220; button_link=&#8220;https:\/\/www.singingbirds.de\/index.php\/termine\/&#8220; image=&#8220;https:\/\/www.singingbirds.de\/wp-content\/uploads\/2018\/02\/Eulen.jpg&#8220; use_bg_overlay=&#8220;off&#8220; use_text_overlay=&#8220;off&#8220; arrows_custom_color=&#8220;#e11d5d&#8220; dot_nav_custom_color=&#8220;#e11d5d&#8220; _builder_version=&#8220;3.18.7&#8243; header_font=&#8220;||||||||&#8220; background_color=&#8220;#ffffff&#8220; background_size=&#8220;contain&#8220; background_position=&#8220;top_left&#8220; custom_button=&#8220;on&#8220; button_use_icon=&#8220;on&#8220; button_on_hover=&#8220;on&#8220; background_layout=&#8220;light&#8220;][\/et_pb_slide][\/et_pb_slider][\/et_pb_column][\/et_pb_row][et_pb_row padding_mobile=&#8220;off&#8220; column_padding_mobile=&#8220;on&#8220; admin_label=&#8220;row&#8220; _builder_version=&#8220;3.25&#8243; background_size=&#8220;initial&#8220; background_position=&#8220;top_left&#8220; background_repeat=&#8220;repeat&#8220;][et_pb_column type=&#8220;4_4&#8243; _builder_version=&#8220;3.25&#8243; custom_padding=&#8220;|||&#8220; custom_padding__hover=&#8220;|||&#8220;][et_pb_text _builder_version=&#8220;4.5.3&#8243; header_font_size=&#8220;50px&#8220; header_2_font_size=&#8220;25px&#8220; background_size=&#8220;initial&#8220; background_position=&#8220;top_left&#8220; background_repeat=&#8220;repeat&#8220; text_orientation=&#8220;center&#8220; module_alignment=&#8220;center&#8220; custom_padding=&#8220;||30px|&#8220; hover_enabled=&#8220;0&#8243; header_font_size_tablet=&#8220;&#8220; header_font_size_phone=&#8220;30px&#8220; header_font_size_last_edited=&#8220;on|phone&#8220; header_2_font_size_tablet=&#8220;&#8220; header_2_font_size_phone=&#8220;&#8220; header_2_font_size_last_edited=&#8220;on|desktop&#8220; use_border_color=&#8220;off&#8220;]<\/p>\n<h1><span style=\"color: #e11d5d;\">Die Singing Birds<\/span><\/h1>\n<p><strong>Der Popchor f\u00fcr Frauen in MG<\/strong><\/p>\n<p>Hallo \ud83d\ude42 Sch\u00f6n, dass Du unsere Seite gefunden hast!<br \/>Wir sind ein <strong>neuer Chor in M\u00f6nchengladbach<\/strong> mit Lust am mehrstimmigen Singen von tollen, <strong>aktuellen Songs<\/strong>.<br \/>Cool klingen soll es auch!Aber daf\u00fcr sorgt schon unsere <a href=\"https:\/\/www.singingbirds.de\/index.php\/chorleitung\/\">Chorleiterin Andrea Kaiser<\/a>.<br \/>Uns gibt es seit September 2017 und wir <strong>proben immer Donnerstags<\/strong> von 19.30-21.30 Uhr im Paul Schneider Haus<br \/>in M\u00f6nchengladbach Pesch.<\/p>\n<p>Du m\u00f6chtest wissen welche Songs wir so singen? Dann lese <a href=\"https:\/\/www.singingbirds.de\/index.php\/repertoire\/\">hier<\/a> weiter.<br \/>Was Du k\u00f6nnen mu\u00dft, um evtl. mitsingen zu d\u00fcrfen :-)? Dann lese <a href=\"https:\/\/www.singingbirds.de\/index.php\/mitsingen\/\">hier<\/a> weiter.<\/p>\n<p>&nbsp;<\/p>\n<p>[\/et_pb_text][\/et_pb_column][\/et_pb_row][et_pb_row _builder_version=&#8220;3.25&#8243; background_size=&#8220;initial&#8220; background_position=&#8220;top_left&#8220; background_repeat=&#8220;repeat&#8220;][et_pb_column type=&#8220;4_4&#8243; _builder_version=&#8220;3.25&#8243; custom_padding=&#8220;|||&#8220; custom_padding__hover=&#8220;|||&#8220;][et_pb_image src=&#8220;https:\/\/www.singingbirds.de\/wp-content\/uploads\/2018\/02\/header.png&#8220; force_fullwidth=&#8220;on&#8220; align_tablet=&#8220;center&#8220; align_last_edited=&#8220;on|desktop&#8220; _builder_version=&#8220;3.23&#8243;][\/et_pb_image][\/et_pb_column][\/et_pb_row][\/et_pb_section]<\/p>\n","protected":false},"excerpt":{"rendered":"<p>[et_pb_section fb_built=&#8220;1&#8243; fullwidth=&#8220;on&#8220; custom_padding_last_edited=&#8220;on|desktop&#8220; _builder_version=&#8220;3.22&#8243; background_color=&#8220;rgba(255,255,255,0)&#8220; custom_padding_tablet=&#8220;50px|0|50px|0&#8243; custom_padding_phone=&#8220;&#8220; transparent_background=&#8220;on&#8220; padding_mobile=&#8220;off&#8220; make_fullwidth=&#8220;off&#8220; use_custom_width=&#8220;off&#8220; width_unit=&#8220;on&#8220; global_module=&#8220;82&#8243;][et_pb_fullwidth_image src=&#8220;https:\/\/www.singingbirds.de\/wp-content\/uploads\/2018\/02\/header.png&#8220; _builder_version=&#8220;3.0.87&#8243; background_size=&#8220;initial&#8220; background_position=&#8220;top_left&#8220; background_repeat=&#8220;repeat&#8220; custom_padding=&#8220;|||&#8220; custom_padding_tablet=&#8220;|||&#8220; custom_padding_phone=&#8220;|||&#8220; use_border_color=&#8220;off&#8220; border_color=&#8220;#ffffff&#8220; border_style=&#8220;solid&#8220; animation=&#8220;off&#8220;] \u00a0 [\/et_pb_fullwidth_image][\/et_pb_section][et_pb_section fb_built=&#8220;1&#8243; custom_padding_last_edited=&#8220;on|desktop&#8220; admin_label=&#8220;section&#8220; _builder_version=&#8220;3.22&#8243; background_color=&#8220;rgba(255,255,255,0)&#8220; custom_padding=&#8220;0px|||&#8220; custom_padding_tablet=&#8220;50px|0|50px|0&#8243; custom_padding_phone=&#8220;&#8220; transparent_background=&#8220;on&#8220; padding_mobile=&#8220;off&#8220;][et_pb_row padding_mobile=&#8220;off&#8220; column_padding_mobile=&#8220;on&#8220; admin_label=&#8220;row&#8220; _builder_version=&#8220;3.25&#8243; background_size=&#8220;initial&#8220; background_position=&#8220;top_left&#8220; background_repeat=&#8220;repeat&#8220;][et_pb_column type=&#8220;4_4&#8243; _builder_version=&#8220;3.25&#8243; custom_padding=&#8220;|||&#8220; custom_padding__hover=&#8220;|||&#8220;][et_pb_slider show_arrows=&#8220;off&#8220; show_pagination=&#8220;off&#8220; _builder_version=&#8220;3.18.7&#8243; header_font=&#8220;Open Sans|on|||&#8220; header_font_size=&#8220;14&#8243; [&hellip;]<\/p>\n","protected":false},"author":1,"featured_media":0,"parent":0,"menu_order":0,"comment_status":"closed","ping_status":"closed","template":"","meta":{"_et_pb_use_builder":"on","_et_pb_old_content":"","_et_gb_content_width":""},"yoast_head":"<!-- This site is optimized with the Yoast SEO plugin v20.5 - https:\/\/yoast.com\/wordpress\/plugins\/seo\/ -->\n<title>Die Singing Birds - der neue Popchor f\u00fcr Frauen in M\u00f6nchengladbach<\/title>\n<meta name=\"description\" content=\"Wir sind die Singing Birds! Ein im September 2017 neu gegr\u00fcndeter Chor f\u00fcr Frauen in M\u00f6nchengladbach! Wir singen die Hits der letzten 30 Jahre. Modern und aktuell! Gut gelaunt! Von S\u00e4ngerin und Vocalcoach Andrea Kaiser geleitet!\" \/>\n<meta name=\"robots\" content=\"index, follow, max-snippet:-1, max-image-preview:large, max-video-preview:-1\" \/>\n<link rel=\"canonical\" href=\"https:\/\/www.singingbirds.de\/\" \/>\n<meta property=\"og:locale\" content=\"de_DE\" \/>\n<meta property=\"og:type\" content=\"article\" \/>\n<meta property=\"og:title\" content=\"Die Singing Birds - der neue Popchor f\u00fcr Frauen in M\u00f6nchengladbach\" \/>\n<meta property=\"og:description\" content=\"Wir sind die Singing Birds! Ein im September 2017 neu gegr\u00fcndeter Chor f\u00fcr Frauen in M\u00f6nchengladbach! Wir singen die Hits der letzten 30 Jahre. Modern und aktuell! Gut gelaunt! Von S\u00e4ngerin und Vocalcoach Andrea Kaiser geleitet!\" \/>\n<meta property=\"og:url\" content=\"https:\/\/www.singingbirds.de\/\" \/>\n<meta property=\"og:site_name\" content=\"Die &quot;Singing Birds&quot;\" \/>\n<meta property=\"article:modified_time\" content=\"2023-02-25T11:06:52+00:00\" \/>\n<meta name=\"twitter:card\" content=\"summary_large_image\" \/>\n<meta name=\"twitter:label1\" content=\"Gesch\u00e4tzte Lesezeit\" \/>\n\t<meta name=\"twitter:data1\" content=\"5\u00a0Minuten\" \/>\n<script type=\"application\/ld+json\" class=\"yoast-schema-graph\">{\"@context\":\"https:\/\/schema.org\",\"@graph\":[{\"@type\":\"WebPage\",\"@id\":\"https:\/\/www.singingbirds.de\/\",\"url\":\"https:\/\/www.singingbirds.de\/\",\"name\":\"Die Singing Birds - der neue Popchor f\u00fcr Frauen in M\u00f6nchengladbach\",\"isPartOf\":{\"@id\":\"https:\/\/www.singingbirds.de\/#website\"},\"datePublished\":\"2018-02-22T16:57:43+00:00\",\"dateModified\":\"2023-02-25T11:06:52+00:00\",\"description\":\"Wir sind die Singing Birds! Ein im September 2017 neu gegr\u00fcndeter Chor f\u00fcr Frauen in M\u00f6nchengladbach! Wir singen die Hits der letzten 30 Jahre. Modern und aktuell! Gut gelaunt! Von S\u00e4ngerin und Vocalcoach Andrea Kaiser geleitet!\",\"breadcrumb\":{\"@id\":\"https:\/\/www.singingbirds.de\/#breadcrumb\"},\"inLanguage\":\"de\",\"potentialAction\":[{\"@type\":\"ReadAction\",\"target\":[\"https:\/\/www.singingbirds.de\/\"]}]},{\"@type\":\"BreadcrumbList\",\"@id\":\"https:\/\/www.singingbirds.de\/#breadcrumb\",\"itemListElement\":[{\"@type\":\"ListItem\",\"position\":1,\"name\":\"Startseite\",\"item\":\"https:\/\/www.singingbirds.de\/\"},{\"@type\":\"ListItem\",\"position\":2,\"name\":\"Start\"}]},{\"@type\":\"WebSite\",\"@id\":\"https:\/\/www.singingbirds.de\/#website\",\"url\":\"https:\/\/www.singingbirds.de\/\",\"name\":\"Die &quot;Singing Birds&quot;\",\"description\":\"ein neuer Popchor in M\u00f6nchengladbach\",\"potentialAction\":[{\"@type\":\"SearchAction\",\"target\":{\"@type\":\"EntryPoint\",\"urlTemplate\":\"https:\/\/www.singingbirds.de\/?s={search_term_string}\"},\"query-input\":\"required name=search_term_string\"}],\"inLanguage\":\"de\"}]}<\/script>\n<!-- \/ Yoast SEO plugin. -->","yoast_head_json":{"title":"Die Singing Birds - der neue Popchor f\u00fcr Frauen in M\u00f6nchengladbach","description":"Wir sind die Singing Birds! Ein im September 2017 neu gegr\u00fcndeter Chor f\u00fcr Frauen in M\u00f6nchengladbach! Wir singen die Hits der letzten 30 Jahre. Modern und aktuell! Gut gelaunt! Von S\u00e4ngerin und Vocalcoach Andrea Kaiser geleitet!","robots":{"index":"index","follow":"follow","max-snippet":"max-snippet:-1","max-image-preview":"max-image-preview:large","max-video-preview":"max-video-preview:-1"},"canonical":"https:\/\/www.singingbirds.de\/","og_locale":"de_DE","og_type":"article","og_title":"Die Singing Birds - der neue Popchor f\u00fcr Frauen in M\u00f6nchengladbach","og_description":"Wir sind die Singing Birds! Ein im September 2017 neu gegr\u00fcndeter Chor f\u00fcr Frauen in M\u00f6nchengladbach! Wir singen die Hits der letzten 30 Jahre. Modern und aktuell! Gut gelaunt! Von S\u00e4ngerin und Vocalcoach Andrea Kaiser geleitet!","og_url":"https:\/\/www.singingbirds.de\/","og_site_name":"Die &quot;Singing Birds&quot;","article_modified_time":"2023-02-25T11:06:52+00:00","twitter_card":"summary_large_image","twitter_misc":{"Gesch\u00e4tzte Lesezeit":"5\u00a0Minuten"},"schema":{"@context":"https:\/\/schema.org","@graph":[{"@type":"WebPage","@id":"https:\/\/www.singingbirds.de\/","url":"https:\/\/www.singingbirds.de\/","name":"Die Singing Birds - der neue Popchor f\u00fcr Frauen in M\u00f6nchengladbach","isPartOf":{"@id":"https:\/\/www.singingbirds.de\/#website"},"datePublished":"2018-02-22T16:57:43+00:00","dateModified":"2023-02-25T11:06:52+00:00","description":"Wir sind die Singing Birds! Ein im September 2017 neu gegr\u00fcndeter Chor f\u00fcr Frauen in M\u00f6nchengladbach! Wir singen die Hits der letzten 30 Jahre. Modern und aktuell! Gut gelaunt! Von S\u00e4ngerin und Vocalcoach Andrea Kaiser geleitet!","breadcrumb":{"@id":"https:\/\/www.singingbirds.de\/#breadcrumb"},"inLanguage":"de","potentialAction":[{"@type":"ReadAction","target":["https:\/\/www.singingbirds.de\/"]}]},{"@type":"BreadcrumbList","@id":"https:\/\/www.singingbirds.de\/#breadcrumb","itemListElement":[{"@type":"ListItem","position":1,"name":"Startseite","item":"https:\/\/www.singingbirds.de\/"},{"@type":"ListItem","position":2,"name":"Start"}]},{"@type":"WebSite","@id":"https:\/\/www.singingbirds.de\/#website","url":"https:\/\/www.singingbirds.de\/","name":"Die &quot;Singing Birds&quot;","description":"ein neuer Popchor in M\u00f6nchengladbach","potentialAction":[{"@type":"SearchAction","target":{"@type":"EntryPoint","urlTemplate":"https:\/\/www.singingbirds.de\/?s={search_term_string}"},"query-input":"required name=search_term_string"}],"inLanguage":"de"}]}},"_links":{"self":[{"href":"https:\/\/www.singingbirds.de\/index.php\/wp-json\/wp\/v2\/pages\/167"}],"collection":[{"href":"https:\/\/www.singingbirds.de\/index.php\/wp-json\/wp\/v2\/pages"}],"about":[{"href":"https:\/\/www.singingbirds.de\/index.php\/wp-json\/wp\/v2\/types\/page"}],"author":[{"embeddable":true,"href":"https:\/\/www.singingbirds.de\/index.php\/wp-json\/wp\/v2\/users\/1"}],"replies":[{"embeddable":true,"href":"https:\/\/www.singingbirds.de\/index.php\/wp-json\/wp\/v2\/comments?post=167"}],"version-history":[{"count":59,"href":"https:\/\/www.singingbirds.de\/index.php\/wp-json\/wp\/v2\/pages\/167\/revisions"}],"predecessor-version":[{"id":615,"href":"https:\/\/www.singingbirds.de\/index.php\/wp-json\/wp\/v2\/pages\/167\/revisions\/615"}],"wp:attachment":[{"href":"https:\/\/www.singingbirds.de\/index.php\/wp-json\/wp\/v2\/media?parent=167"}],"curies":[{"name":"wp","href":"https:\/\/api.w.org\/{rel}","templated":true}]}}